{"id":85231,"date":"2024-03-08T11:13:08","date_gmt":"2024-03-08T11:13:08","guid":{"rendered":"https:\/\/www.switcho.it\/blog\/?page_id=85231"},"modified":"2024-03-08T11:18:15","modified_gmt":"2024-03-08T11:18:15","slug":"ricarica-telefonica","status":"publish","type":"page","link":"https:\/\/www.switcho.it\/blog\/mobile\/ricarica-telefonica\/","title":{"rendered":"Ricarica telefonica: i metodi per ricaricare la tua SIM"},"content":{"rendered":"\n<p>A tutti \u00e8 capitato di chiedersi qual \u00e8 il modo pi\u00f9 comodo e veloce per ricaricare la SIM del telefono. Gli operatori mettono a disposizione dei propri clienti diverse possibilit\u00e0 per effettuare una ricarica e, a seconda dei casi, pu\u00f2 tornare utile avere una sorta di vademecum che le illustra le varie opzioni, ad esempio perch\u00e9 pu\u00f2 capitare di non riuscire ad accedere al sistema di pagamento che si usa solitamente, o semplicemente perch\u00e9 in un certo momento risulta pi\u00f9 immediato utilizzare un altro metodo.<\/p>\n\n\n\n<p>Ogni <a href=\"https:\/\/www.switcho.it\/blog\/operatori-mobile\/\">operatore telefonico<\/a> pu\u00f2 avere delle funzionalit\u00e0 specifiche per la ricarica, ad esempio le Simbox di Iliad presso cui \u00e8 possibile effettuare svariate operazioni come appunto ricaricare la SIM, ma in generale i metodi pi\u00f9 comuni e trasversali a tutte le compagnie sono i seguenti:<\/p>\n\n\n\n<ul class=\"wp-block-list emoji_bullets emoji_right_arrow\">\n<li>Online sul sito o sull&#8217;app della compagnia;<\/li>\n\n\n\n<li>Tramite l&#8217;homebanking della propria banca;<\/li>\n\n\n\n<li>Presso un negozio dell&#8217;operatore;<\/li>\n\n\n\n<li>Presso un punto vendita autorizzato, come supermercati o tabaccherie.<\/li>\n<\/ul>\n\n\n\n<p>Come detto, ogni compagnia potrebbe offrire modalit\u00e0 di ricarica esclusive, oltre al fatto che la procedura per ricaricare il telefono online sul sito o sull&#8217;app dell&#8217;operatore pu\u00f2 presentare differenze. Ecco perch\u00e9 abbiamo preparato le guide specifiche sui metodi di ricarica con i principali operatori telefonici attivi in Italia \ud83d\udc47<\/p>\n\n\n\n<div style=\"height:40px\" aria-hidden=\"true\" class=\"wp-block-spacer\"><\/div>\n\n\n\n<h2 class=\"wp-block-heading\" id=\"guide-operatori\"><strong>Tutti gli articoli sulla ricarica<\/strong><\/h2>\n\n\n\n<div style=\"height:20px\" aria-hidden=\"true\" class=\"wp-block-spacer\"><\/div>\n\n\n\n<div class=\"wp-block-group has-background is-layout-constrained wp-block-group-is-layout-constrained\" style=\"background-color:#f7f8fa\"><ul class=\"wp-block-latest-posts__list emoji_bullets emoji_hand_right wp-block-latest-posts\"><li><a class=\"wp-block-latest-posts__post-title\" href=\"https:\/\/www.switcho.it\/blog\/mobile\/ricarica-postemobile\/\">Come fare la ricarica PosteMobile? Ecco le opzioni<\/a><\/li>\n<li><a class=\"wp-block-latest-posts__post-title\" href=\"https:\/\/www.switcho.it\/blog\/mobile\/ricarica-ho-mobile\/\">Ricarica ho. Mobile: tutte le modalit\u00e0 per farla online o in negozio<\/a><\/li>\n<li><a class=\"wp-block-latest-posts__post-title\" href=\"https:\/\/www.switcho.it\/blog\/mobile\/ricarica-kena-mobile\/\">Ricarica Kena Mobile online, con PayPal, in tabaccheria: tutte le modalit\u00e0<\/a><\/li>\n<li><a class=\"wp-block-latest-posts__post-title\" href=\"https:\/\/www.switcho.it\/blog\/mobile\/ricarica-fastweb\/\">Ricarica Fastweb: tutte le modalit\u00e0 online e in negozio<\/a><\/li>\n<li><a class=\"wp-block-latest-posts__post-title\" href=\"https:\/\/www.switcho.it\/blog\/mobile\/ricarica-very-mobile\/\">Ricarica Very Mobile: le modalit\u00e0 per farla online o in negozio<\/a><\/li>\n<li><a class=\"wp-block-latest-posts__post-title\" href=\"https:\/\/www.switcho.it\/blog\/mobile\/ricarica-windtre\/\">Ricarica WINDTRE online: come ricaricare il credito gratis e subito<\/a><\/li>\n<li><a class=\"wp-block-latest-posts__post-title\" href=\"https:\/\/www.switcho.it\/blog\/mobile\/ricarica-iliad\/\">Ricarica Iliad, tutte le modalit\u00e0: online o in negozio<\/a><\/li>\n<li><a class=\"wp-block-latest-posts__post-title\" href=\"https:\/\/www.switcho.it\/blog\/mobile\/ricarica-tim\/\">Ricarica TIM: online, PayPal, in tabaccheria e tutte le altre modalit\u00e0<\/a><\/li>\n<li><a class=\"wp-block-latest-posts__post-title\" href=\"https:\/\/www.switcho.it\/blog\/mobile\/ricarica-vodafone\/\">Ricarica Vodafone: ecco le modalit\u00e0 a disposizione<\/a><\/li>\n<\/ul><\/div>\n\n\n\n<div style=\"height:40px\" aria-hidden=\"true\" class=\"wp-block-spacer\"><\/div>\n\n\n\n<h2 class=\"wp-block-heading\"><strong>Telefonia mobile: gli altri argomenti<\/strong><\/h2>\n\n\n\n<div style=\"height:20px\" aria-hidden=\"true\" class=\"wp-block-spacer\"><\/div>\n\n\n\n<figure class=\"wp-block-table is-style-stripes\"><table class=\"has-fixed-layout\"><tbody><tr><td><a href=\"https:\/\/www.switcho.it\/blog\/mobile\/offerte-giga-illimitati\/\">GIGA illimitati<\/a><\/td><td><a href=\"https:\/\/www.switcho.it\/blog\/mobile\/estero\/\">Estero<\/a><\/td><td><a href=\"https:\/\/www.switcho.it\/blog\/mobile\/portabilita-numero\/\">Portabilit\u00e0 del numero<\/a><\/td><\/tr><tr><td><a href=\"https:\/\/www.switcho.it\/blog\/mobile\/saponetta-internet\/\">Saponetta internet<\/a><\/td><td><a href=\"https:\/\/www.switcho.it\/blog\/mobile\/disservizi-telefonia-mobile\/\">Disservizi telefonia mobile<\/a><\/td><td><a href=\"https:\/\/www.switcho.it\/blog\/mobile\/passa\/\">Offerte &#8220;passa a&#8221;<\/a><\/td><\/tr><tr><td><a href=\"https:\/\/www.switcho.it\/blog\/mobile\/copertura-mobile\/\">Copertura mobile<\/a><\/td><td><a href=\"https:\/\/www.switcho.it\/blog\/mobile\/apn\/\">APN<\/a><\/td><td><a href=\"https:\/\/www.switcho.it\/blog\/mobile\/credito-residuo\/\">Credito residuo<\/a><\/td><\/tr><tr><td><a href=\"https:\/\/www.switcho.it\/blog\/mobile\/recensioni-operatori-mobile\/\">Recensioni operatori mobile<\/a><\/td><td><a href=\"https:\/\/www.switcho.it\/blog\/mobile\/segreteria-telefonica\/\">Segreteria telefonica<\/a><\/td><td><a href=\"https:\/\/www.switcho.it\/blog\/mobile\/contatti-operatori-mobile\/\">Contatti operatori mobile<\/a><\/td><\/tr><tr><td><a href=\"https:\/\/www.switcho.it\/blog\/mobile\/esim\/\">eSIM<\/a><\/td><td><\/td><td><\/td><\/tr><\/tbody><\/table><\/figure>\n\n\n\n<div style=\"height:40px\" aria-hidden=\"true\" class=\"wp-block-spacer\"><\/div>\n\n\n\n<h2 class=\"wp-block-heading\"><strong>Operatori mobile<\/strong><\/h2>\n\n\n\n<div style=\"height:20px\" aria-hidden=\"true\" class=\"wp-block-spacer\"><\/div>\n\n\n\n<div class=\"logo-grid\">\n<div class=\"logo-grid-item\"><a href=\"https:\/\/www.switcho.it\/blog\/mobile\/fastweb-mobile\/\"><img decoding=\"async\" alt=\"Fastweb Mobile\" src=\"https:\/\/www.switcho.it\/blog\/wp-content\/uploads\/2023\/01\/fastweb_gallery.png\"><\/a><\/div>\n<div class=\"logo-grid-item\"><a href=\"https:\/\/www.switcho.it\/blog\/mobile\/tim\/\"><img decoding=\"async\" alt=\"TIM\" src=\"https:\/\/www.switcho.it\/blog\/wp-content\/uploads\/2023\/01\/tim_gallery.png\"><\/a><\/div>\n<div class=\"logo-grid-item\"><a href=\"https:\/\/www.switcho.it\/blog\/mobile\/vodafone\/\"><img decoding=\"async\" alt=\"Vodafone\" src=\"https:\/\/www.switcho.it\/blog\/wp-content\/uploads\/2023\/01\/vodafone_gallery.png\"><\/a><\/div>\n<div class=\"logo-grid-item\"><a href=\"https:\/\/www.switcho.it\/blog\/mobile\/windtre\/\"><img decoding=\"async\" alt=\"WINDTRE\" src=\"https:\/\/www.switcho.it\/blog\/wp-content\/uploads\/2023\/01\/windtre_gallery.png\"><\/a><\/div>\n<div class=\"logo-grid-item\"><a href=\"https:\/\/www.switcho.it\/blog\/mobile\/iliad\/\"><img decoding=\"async\" alt=\"Iliad\" src=\"https:\/\/www.switcho.it\/blog\/wp-content\/uploads\/2023\/01\/iliad_gallery.png\"><\/a><\/div>\n<div class=\"logo-grid-item\"><a href=\"https:\/\/www.switcho.it\/blog\/mobile\/ho-mobile\/\"><img decoding=\"async\" alt=\"ho. Mobile\" src=\"https:\/\/www.switcho.it\/blog\/wp-content\/uploads\/2023\/01\/ho_gallery.png\"><\/a><\/div>\n<div class=\"logo-grid-item\"><a href=\"https:\/\/www.switcho.it\/blog\/mobile\/kena-mobile\/\"><img decoding=\"async\" alt=\"Kena Mobile\" src=\"https:\/\/www.switcho.it\/blog\/wp-content\/uploads\/2023\/03\/kena_gallery.png\"><\/a><\/div>\n<div class=\"logo-grid-item\"><a href=\"https:\/\/www.switcho.it\/blog\/mobile\/very-mobile\/\"><img decoding=\"async\" alt=\"Very Mobile\" src=\"https:\/\/www.switcho.it\/blog\/wp-content\/uploads\/2023\/01\/very_mobile_gallery.png\"><\/a><\/div>\n<div class=\"logo-grid-item\"><a href=\"https:\/\/www.switcho.it\/blog\/mobile\/spusu\/\"><img decoding=\"async\" alt=\"Spusu\" src=\"https:\/\/www.switcho.it\/blog\/wp-content\/uploads\/2023\/01\/spusu_gallery.png\"><\/a><\/div>\n<div class=\"logo-grid-item\"><a href=\"https:\/\/www.switcho.it\/blog\/mobile\/optima\/\"><img decoding=\"async\" alt=\"Optima Mobile\" src=\"https:\/\/www.switcho.it\/blog\/wp-content\/uploads\/2025\/10\/optima-300x200-1.png\"><\/a><\/div>\n<\/div>\n\n\n\n<div style=\"height:80px\" aria-hidden=\"true\" class=\"wp-block-spacer\"><\/div>\n","protected":false},"excerpt":{"rendered":"<p>Scopri tutti i metodi di pagamento che puoi utilizzare per ricaricare la SIM mobile con le principali compagnie telefoniche.<\/p>\n","protected":false},"author":4,"featured_media":85252,"parent":27317,"menu_order":0,"comment_status":"closed","ping_status":"closed","template":"","meta":{"_et_pb_use_builder":"off","_et_pb_old_content":"","_et_gb_content_width":"","_lmt_disableupdate":"yes","_lmt_disable":"","footnotes":""},"class_list":["post-85231","page","type-page","status-publish","has-post-thumbnail","hentry"],"yoast_head":"<!-- This site is optimized with the Yoast SEO plugin v27.5 - https:\/\/yoast.com\/product\/yoast-seo-wordpress\/ -->\n<title>Ricarica telefonica: i metodi per ricaricare la tua SIM - Switcho<\/title>\n<meta name=\"description\" content=\"Scopri tutti i metodi di pagamento che puoi utilizzare per ricaricare la SIM mobile con le principali compagnie telefoniche.\" \/>\n<meta name=\"robots\" content=\"index, follow, max-snippet:-1, max-image-preview:large, max-video-preview:-1\" \/>\n<link rel=\"canonical\" href=\"https:\/\/www.switcho.it\/blog\/mobile\/ricarica-telefonica\/\" \/>\n<meta property=\"og:locale\" content=\"it_IT\" \/>\n<meta property=\"og:type\" content=\"article\" \/>\n<meta property=\"og:title\" content=\"Ricarica telefonica: i metodi per ricaricare la tua SIM - Switcho\" \/>\n<meta property=\"og:description\" content=\"Scopri tutti i metodi di pagamento che puoi utilizzare per ricaricare la SIM mobile con le principali compagnie telefoniche.\" \/>\n<meta property=\"og:url\" content=\"https:\/\/www.switcho.it\/blog\/mobile\/ricarica-telefonica\/\" \/>\n<meta property=\"og:site_name\" content=\"Switcho\" \/>\n<meta property=\"article:modified_time\" content=\"2024-03-08T11:18:15+00:00\" \/>\n<meta property=\"og:image\" content=\"https:\/\/www.switcho.it\/blog\/wp-content\/uploads\/2024\/03\/ricarica-telefonica.jpg\" \/>\n\t<meta property=\"og:image:width\" content=\"900\" \/>\n\t<meta property=\"og:image:height\" content=\"600\" \/>\n\t<meta property=\"og:image:type\" content=\"image\/jpeg\" \/>\n<meta name=\"twitter:card\" content=\"summary_large_image\" \/>\n<meta name=\"twitter:label1\" content=\"Tempo di lettura stimato\" \/>\n\t<meta name=\"twitter:data1\" content=\"4 minuti\" \/>\n<script type=\"application\/ld+json\" class=\"yoast-schema-graph\">{\"@context\":\"https:\\\/\\\/schema.org\",\"@graph\":[{\"@type\":\"WebPage\",\"@id\":\"https:\\\/\\\/www.switcho.it\\\/blog\\\/mobile\\\/ricarica-telefonica\\\/\",\"url\":\"https:\\\/\\\/www.switcho.it\\\/blog\\\/mobile\\\/ricarica-telefonica\\\/\",\"name\":\"Ricarica telefonica: i metodi per ricaricare la tua SIM - Switcho\",\"isPartOf\":{\"@id\":\"https:\\\/\\\/www.switcho.it\\\/blog\\\/#website\"},\"primaryImageOfPage\":{\"@id\":\"https:\\\/\\\/www.switcho.it\\\/blog\\\/mobile\\\/ricarica-telefonica\\\/#primaryimage\"},\"image\":{\"@id\":\"https:\\\/\\\/www.switcho.it\\\/blog\\\/mobile\\\/ricarica-telefonica\\\/#primaryimage\"},\"thumbnailUrl\":\"https:\\\/\\\/www.switcho.it\\\/blog\\\/wp-content\\\/uploads\\\/2024\\\/03\\\/ricarica-telefonica.jpg\",\"datePublished\":\"2024-03-08T11:13:08+00:00\",\"dateModified\":\"2024-03-08T11:18:15+00:00\",\"description\":\"Scopri tutti i metodi di pagamento che puoi utilizzare per ricaricare la SIM mobile con le principali compagnie telefoniche.\",\"breadcrumb\":{\"@id\":\"https:\\\/\\\/www.switcho.it\\\/blog\\\/mobile\\\/ricarica-telefonica\\\/#breadcrumb\"},\"inLanguage\":\"it-IT\",\"potentialAction\":[{\"@type\":\"ReadAction\",\"target\":[\"https:\\\/\\\/www.switcho.it\\\/blog\\\/mobile\\\/ricarica-telefonica\\\/\"]}]},{\"@type\":\"ImageObject\",\"inLanguage\":\"it-IT\",\"@id\":\"https:\\\/\\\/www.switcho.it\\\/blog\\\/mobile\\\/ricarica-telefonica\\\/#primaryimage\",\"url\":\"https:\\\/\\\/www.switcho.it\\\/blog\\\/wp-content\\\/uploads\\\/2024\\\/03\\\/ricarica-telefonica.jpg\",\"contentUrl\":\"https:\\\/\\\/www.switcho.it\\\/blog\\\/wp-content\\\/uploads\\\/2024\\\/03\\\/ricarica-telefonica.jpg\",\"width\":900,\"height\":600,\"caption\":\"Ricarica telefonica\"},{\"@type\":\"BreadcrumbList\",\"@id\":\"https:\\\/\\\/www.switcho.it\\\/blog\\\/mobile\\\/ricarica-telefonica\\\/#breadcrumb\",\"itemListElement\":[{\"@type\":\"ListItem\",\"position\":1,\"name\":\"Home\",\"item\":\"https:\\\/\\\/www.switcho.it\\\/blog\\\/\"},{\"@type\":\"ListItem\",\"position\":2,\"name\":\"Offerte Telefonia Mobile: le migliori tariffe per il tuo smartphone\",\"item\":\"https:\\\/\\\/www.switcho.it\\\/blog\\\/risorse\\\/mobile\\\/\"},{\"@type\":\"ListItem\",\"position\":3,\"name\":\"Ricarica telefonica: i metodi per ricaricare la tua SIM\"}]},{\"@type\":\"WebSite\",\"@id\":\"https:\\\/\\\/www.switcho.it\\\/blog\\\/#website\",\"url\":\"https:\\\/\\\/www.switcho.it\\\/blog\\\/\",\"name\":\"Switcho\",\"description\":\"Il blog semplice, per davvero.\",\"publisher\":{\"@id\":\"https:\\\/\\\/www.switcho.it\\\/blog\\\/#organization\"},\"potentialAction\":[{\"@type\":\"SearchAction\",\"target\":{\"@type\":\"EntryPoint\",\"urlTemplate\":\"https:\\\/\\\/www.switcho.it\\\/blog\\\/?s={search_term_string}\"},\"query-input\":{\"@type\":\"PropertyValueSpecification\",\"valueRequired\":true,\"valueName\":\"search_term_string\"}}],\"inLanguage\":\"it-IT\"},{\"@type\":\"Organization\",\"@id\":\"https:\\\/\\\/www.switcho.it\\\/blog\\\/#organization\",\"name\":\"Switcho\",\"url\":\"https:\\\/\\\/www.switcho.it\\\/blog\\\/\",\"logo\":{\"@type\":\"ImageObject\",\"inLanguage\":\"it-IT\",\"@id\":\"https:\\\/\\\/www.switcho.it\\\/blog\\\/#\\\/schema\\\/logo\\\/image\\\/\",\"url\":\"https:\\\/\\\/www.switcho.it\\\/blog\\\/wp-content\\\/uploads\\\/2021\\\/03\\\/Switcho-Logotype-Green.png\",\"contentUrl\":\"https:\\\/\\\/www.switcho.it\\\/blog\\\/wp-content\\\/uploads\\\/2021\\\/03\\\/Switcho-Logotype-Green.png\",\"width\":1507,\"height\":597,\"caption\":\"Switcho\"},\"image\":{\"@id\":\"https:\\\/\\\/www.switcho.it\\\/blog\\\/#\\\/schema\\\/logo\\\/image\\\/\"}}]}<\/script>\n<!-- \/ Yoast SEO plugin. -->","yoast_head_json":{"title":"Ricarica telefonica: i metodi per ricaricare la tua SIM - Switcho","description":"Scopri tutti i metodi di pagamento che puoi utilizzare per ricaricare la SIM mobile con le principali compagnie telefoniche.","robots":{"index":"index","follow":"follow","max-snippet":"max-snippet:-1","max-image-preview":"max-image-preview:large","max-video-preview":"max-video-preview:-1"},"canonical":"https:\/\/www.switcho.it\/blog\/mobile\/ricarica-telefonica\/","og_locale":"it_IT","og_type":"article","og_title":"Ricarica telefonica: i metodi per ricaricare la tua SIM - Switcho","og_description":"Scopri tutti i metodi di pagamento che puoi utilizzare per ricaricare la SIM mobile con le principali compagnie telefoniche.","og_url":"https:\/\/www.switcho.it\/blog\/mobile\/ricarica-telefonica\/","og_site_name":"Switcho","article_modified_time":"2024-03-08T11:18:15+00:00","og_image":[{"width":900,"height":600,"url":"https:\/\/www.switcho.it\/blog\/wp-content\/uploads\/2024\/03\/ricarica-telefonica.jpg","type":"image\/jpeg"}],"twitter_card":"summary_large_image","twitter_misc":{"Tempo di lettura stimato":"4 minuti"},"schema":{"@context":"https:\/\/schema.org","@graph":[{"@type":"WebPage","@id":"https:\/\/www.switcho.it\/blog\/mobile\/ricarica-telefonica\/","url":"https:\/\/www.switcho.it\/blog\/mobile\/ricarica-telefonica\/","name":"Ricarica telefonica: i metodi per ricaricare la tua SIM - Switcho","isPartOf":{"@id":"https:\/\/www.switcho.it\/blog\/#website"},"primaryImageOfPage":{"@id":"https:\/\/www.switcho.it\/blog\/mobile\/ricarica-telefonica\/#primaryimage"},"image":{"@id":"https:\/\/www.switcho.it\/blog\/mobile\/ricarica-telefonica\/#primaryimage"},"thumbnailUrl":"https:\/\/www.switcho.it\/blog\/wp-content\/uploads\/2024\/03\/ricarica-telefonica.jpg","datePublished":"2024-03-08T11:13:08+00:00","dateModified":"2024-03-08T11:18:15+00:00","description":"Scopri tutti i metodi di pagamento che puoi utilizzare per ricaricare la SIM mobile con le principali compagnie telefoniche.","breadcrumb":{"@id":"https:\/\/www.switcho.it\/blog\/mobile\/ricarica-telefonica\/#breadcrumb"},"inLanguage":"it-IT","potentialAction":[{"@type":"ReadAction","target":["https:\/\/www.switcho.it\/blog\/mobile\/ricarica-telefonica\/"]}]},{"@type":"ImageObject","inLanguage":"it-IT","@id":"https:\/\/www.switcho.it\/blog\/mobile\/ricarica-telefonica\/#primaryimage","url":"https:\/\/www.switcho.it\/blog\/wp-content\/uploads\/2024\/03\/ricarica-telefonica.jpg","contentUrl":"https:\/\/www.switcho.it\/blog\/wp-content\/uploads\/2024\/03\/ricarica-telefonica.jpg","width":900,"height":600,"caption":"Ricarica telefonica"},{"@type":"BreadcrumbList","@id":"https:\/\/www.switcho.it\/blog\/mobile\/ricarica-telefonica\/#breadcrumb","itemListElement":[{"@type":"ListItem","position":1,"name":"Home","item":"https:\/\/www.switcho.it\/blog\/"},{"@type":"ListItem","position":2,"name":"Offerte Telefonia Mobile: le migliori tariffe per il tuo smartphone","item":"https:\/\/www.switcho.it\/blog\/risorse\/mobile\/"},{"@type":"ListItem","position":3,"name":"Ricarica telefonica: i metodi per ricaricare la tua SIM"}]},{"@type":"WebSite","@id":"https:\/\/www.switcho.it\/blog\/#website","url":"https:\/\/www.switcho.it\/blog\/","name":"Switcho","description":"Il blog semplice, per davvero.","publisher":{"@id":"https:\/\/www.switcho.it\/blog\/#organization"},"potentialAction":[{"@type":"SearchAction","target":{"@type":"EntryPoint","urlTemplate":"https:\/\/www.switcho.it\/blog\/?s={search_term_string}"},"query-input":{"@type":"PropertyValueSpecification","valueRequired":true,"valueName":"search_term_string"}}],"inLanguage":"it-IT"},{"@type":"Organization","@id":"https:\/\/www.switcho.it\/blog\/#organization","name":"Switcho","url":"https:\/\/www.switcho.it\/blog\/","logo":{"@type":"ImageObject","inLanguage":"it-IT","@id":"https:\/\/www.switcho.it\/blog\/#\/schema\/logo\/image\/","url":"https:\/\/www.switcho.it\/blog\/wp-content\/uploads\/2021\/03\/Switcho-Logotype-Green.png","contentUrl":"https:\/\/www.switcho.it\/blog\/wp-content\/uploads\/2021\/03\/Switcho-Logotype-Green.png","width":1507,"height":597,"caption":"Switcho"},"image":{"@id":"https:\/\/www.switcho.it\/blog\/#\/schema\/logo\/image\/"}}]}},"_links":{"self":[{"href":"https:\/\/www.switcho.it\/blog\/wp-json\/wp\/v2\/pages\/85231","targetHints":{"allow":["GET"]}}],"collection":[{"href":"https:\/\/www.switcho.it\/blog\/wp-json\/wp\/v2\/pages"}],"about":[{"href":"https:\/\/www.switcho.it\/blog\/wp-json\/wp\/v2\/types\/page"}],"author":[{"embeddable":true,"href":"https:\/\/www.switcho.it\/blog\/wp-json\/wp\/v2\/users\/4"}],"replies":[{"embeddable":true,"href":"https:\/\/www.switcho.it\/blog\/wp-json\/wp\/v2\/comments?post=85231"}],"version-history":[{"count":5,"href":"https:\/\/www.switcho.it\/blog\/wp-json\/wp\/v2\/pages\/85231\/revisions"}],"predecessor-version":[{"id":142767,"href":"https:\/\/www.switcho.it\/blog\/wp-json\/wp\/v2\/pages\/85231\/revisions\/142767"}],"up":[{"embeddable":true,"href":"https:\/\/www.switcho.it\/blog\/wp-json\/wp\/v2\/pages\/27317"}],"wp:featuredmedia":[{"embeddable":true,"href":"https:\/\/www.switcho.it\/blog\/wp-json\/wp\/v2\/media\/85252"}],"wp:attachment":[{"href":"https:\/\/www.switcho.it\/blog\/wp-json\/wp\/v2\/media?parent=85231"}],"curies":[{"name":"wp","href":"https:\/\/api.w.org\/{rel}","templated":true}]}}