{"id":67582,"date":"2023-10-20T16:05:26","date_gmt":"2023-10-20T16:05:26","guid":{"rendered":"https:\/\/www.switcho.it\/blog\/?page_id=67582"},"modified":"2025-11-21T12:53:28","modified_gmt":"2025-11-21T12:53:28","slug":"allaccio-attivazione","status":"publish","type":"page","link":"https:\/\/www.switcho.it\/blog\/luce-gas\/allaccio-attivazione\/","title":{"rendered":"Allaccio e attivazione della fornitura luce e gas"},"content":{"rendered":"\n<p>Se stai traslocando in una nuova casa che non \u00e8 mai stata abitata prima, sicuramente ti torner\u00e0 utile acquisire familiarit\u00e0 con questi due concetti in fatto di forniture energetiche. Cominciamo col definirli meglio e capirne le differenze.<\/p>\n\n\n\n<div style=\"height:40px\" aria-hidden=\"true\" class=\"wp-block-spacer\"><\/div>\n\n\n\n<div class=\"wp-block-columns is-layout-flex wp-container-core-columns-is-layout-9d6595d7 wp-block-columns-is-layout-flex\">\n<div class=\"wp-block-column is-layout-flow wp-block-column-is-layout-flow\">\n<p><strong>Allaccio<\/strong> \ud83d\udd27<\/p>\n\n\n\n<p>Anche detto allacciamento, \u00e8 l&#8217;operazione necessaria quando presso la nuova propriet\u00e0 <strong>non \u00e8 ancora presente il contatore<\/strong>, che va quindi installato facendo richiesta al distributore locale (o a un fornitore che si occuper\u00e0 di contattarlo). Per maggiori dettagli consulta le nostre guide: <a href=\"https:\/\/www.switcho.it\/blog\/luce-gas\/allaccio-gas\/\">allaccio del gas<\/a> e <a href=\"https:\/\/www.switcho.it\/blog\/luce-gas\/allaccio-luce\/\">allaccio dell&#8217;elettricit\u00e0<\/a>.<\/p>\n<\/div>\n\n\n\n<div class=\"wp-block-column is-layout-flow wp-block-column-is-layout-flow\">\n<p><strong>Attivazione <\/strong>\ud83d\udd0c<\/p>\n\n\n\n<p>Dopo aver effettuato l&#8217;allaccio, \u00e8 possibile procedere alla <strong>prima attivazione<\/strong> facendo richiesta a un fornitore energetico o, ancora meglio, <a href=\"https:\/\/www.switcho.it\/\">facendosi aiutare da Switcho<\/a> per trovare l&#8217;offerta pi\u00f9 conveniente. Scopri le nostre guide dettagliate sull&#8217;<a href=\"https:\/\/www.switcho.it\/blog\/luce-gas\/attivazione-gas\/\">attivazione del gas<\/a> e l&#8217;<a href=\"https:\/\/www.switcho.it\/blog\/luce-gas\/attivazione-luce\/\">attivazione della luce<\/a>.<\/p>\n<\/div>\n<\/div>\n\n\n\n<div style=\"height:40px\" aria-hidden=\"true\" class=\"wp-block-spacer\"><\/div>\n\n\n\n<h2 class=\"wp-block-heading\"><strong>Tempi e costi di allacciamento e attivazione<\/strong><\/h2>\n\n\n\n<div style=\"height:20px\" aria-hidden=\"true\" class=\"wp-block-spacer\"><\/div>\n\n\n\n<div class=\"wp-block-columns is-layout-flex wp-container-core-columns-is-layout-9d6595d7 wp-block-columns-is-layout-flex\">\n<div class=\"wp-block-column is-layout-flow wp-block-column-is-layout-flow\">\n<h3 class=\"wp-block-heading\"><strong>Luce \ud83d\udca1<\/strong><\/h3>\n\n\n\n<div style=\"height:20px\" aria-hidden=\"true\" class=\"wp-block-spacer\"><\/div>\n\n\n\n<p><strong>Costi di allaccio \u2192<\/strong> Dipende da diverse variabili, soprattutto la distanza tra la casa e la cabina di trasformazione, ma pu\u00f2 partire da alcune centinaia di euro fino a oltre 1.000.<\/p>\n\n\n\n<p><strong>Tempi di allaccio \u2192<\/strong> Una volta accettato il preventivo del distributore, sar\u00e0 fissato un limite di 10 giorni per gli interventi semplici e di 50 per quelli pi\u00f9 complessi, al netto dei tempi extra richiesti per eventuali autorizzazioni o lavori a tuo carico.<\/p>\n\n\n\n<p><strong>Costi di attivazione<\/strong> <strong>\u2192<\/strong> Per il mercato tutelato il costo totale \u00e8 di circa 30 euro, cui si sommano la marca da bollo e mediamente 34,5 per il deposito cauzionale. Per <a href=\"https:\/\/www.switcho.it\/blog\/luce-gas\/mercato-libero-energia\/\">il mercato libero<\/a> i costi in genere sono simili, ma variano in base al fornitore e alla specifica offerta.<\/p>\n\n\n\n<p><strong>Tempi di attivazione \u2192<\/strong> Circa 7 giorni lavorativi dopo aver sottoscritto il contratto con il fornitore.<\/p>\n<\/div>\n\n\n\n<div class=\"wp-block-column is-layout-flow wp-block-column-is-layout-flow\">\n<h3 class=\"wp-block-heading\"><strong>Gas \ud83d\udd25<\/strong><\/h3>\n\n\n\n<div style=\"height:20px\" aria-hidden=\"true\" class=\"wp-block-spacer\"><\/div>\n\n\n\n<p><strong>Costi di allaccio \u2192<\/strong> Come per la luce, il costo finale pu\u00f2 variare molto da un caso all&#8217;altro ma si parla generalmente di una cifra compresa tra poche centinaia di euro e i 1.500 euro.<\/p>\n\n\n\n<p><strong>Tempi di allaccio \u2192<\/strong> Anche in questo caso i tempi previsti saranno indicati nel preventivo del distributore, ma si va da un limite di 10 giorni per i lavori considerati semplici a uno di 60 per quelli pi\u00f9 complessi, sempre al netto di eventuali autorizzazioni da ottenere o interventi a tuo carico.<\/p>\n\n\n\n<p><strong>Costi di attivazione<\/strong> <strong>\u2192<\/strong> Le voci di costo dipendono in parte dal distributore e in parte del fornitore con cui si \u00e8 sottoscritta l&#8217;offerta. Si aggirano intorno ai 60 euro pi\u00f9 eventuale deposito cauzionale.<\/p>\n\n\n\n<p><strong>Tempi di attivazione \u2192<\/strong> Sono richiesti circa 10 giorni, al netto di eventuali problemi o note sulla sicurezza dell&#8217;impianto.<\/p>\n<\/div>\n<\/div>\n\n\n\n<div style=\"height:40px\" aria-hidden=\"true\" class=\"wp-block-spacer\"><\/div>\n\n\n\n<h2 class=\"wp-block-heading\"><strong>Tutti gli articoli a tema allaccio e attivazione<\/strong><\/h2>\n\n\n\n<div style=\"height:20px\" aria-hidden=\"true\" class=\"wp-block-spacer\"><\/div>\n\n\n\n<div class=\"wp-block-group has-background is-layout-constrained wp-block-group-is-layout-constrained\" style=\"background-color:#f7f8fa\"><ul class=\"wp-block-latest-posts__list emoji_bullets emoji_hand_right wp-block-latest-posts\"><li><a class=\"wp-block-latest-posts__post-title\" href=\"https:\/\/www.switcho.it\/blog\/luce-gas\/allaccio-attivazione-italgas\/\">Allaccio e attivazione fornitura Italgas: numero verde e info utili<\/a><\/li>\n<li><a class=\"wp-block-latest-posts__post-title\" href=\"https:\/\/www.switcho.it\/blog\/luce-gas\/allaccio-attivazione-servizio-elettrico-nazionale\/\">Nuovo allaccio o attivazione con Servizio Elettrico Nazionale<\/a><\/li>\n<li><a class=\"wp-block-latest-posts__post-title\" href=\"https:\/\/www.switcho.it\/blog\/luce-gas\/attivazione-luce\/\">Prima attivazione luce in una casa nuova: come richiederla<\/a><\/li>\n<li><a class=\"wp-block-latest-posts__post-title\" href=\"https:\/\/www.switcho.it\/blog\/luce-gas\/attivazione-gas\/\">Come fare l&#8217;attivazione del gas in una casa nuova<\/a><\/li>\n<li><a class=\"wp-block-latest-posts__post-title\" href=\"https:\/\/www.switcho.it\/blog\/luce-gas\/allaccio-gas\/\">Allaccio gas: come richiederlo, tempi e costi<\/a><\/li>\n<li><a class=\"wp-block-latest-posts__post-title\" href=\"https:\/\/www.switcho.it\/blog\/luce-gas\/allaccio-luce\/\">Allaccio luce: tempi, costi e come richiederlo<\/a><\/li>\n<li><a class=\"wp-block-latest-posts__post-title\" href=\"https:\/\/www.switcho.it\/blog\/luce-gas\/come-fare-allaccio-attivazione\/\">Come fare l&#8217;allaccio luce e gas: tutto ci\u00f2 che ti serve sapere<\/a><\/li>\n<li><a class=\"wp-block-latest-posts__post-title\" href=\"https:\/\/www.switcho.it\/blog\/luce-gas\/come-fare-allaccio-attivazione-eni\/\">Allaccio e attivazione gas Eni Plenitude: come richiederle<\/a><\/li>\n<li><a class=\"wp-block-latest-posts__post-title\" href=\"https:\/\/www.switcho.it\/blog\/luce-gas\/come-fare-allaccio-attivazione-iren\/\">Iren, attivazione e allaccio utenze: ecco come fare<\/a><\/li>\n<li><a class=\"wp-block-latest-posts__post-title\" href=\"https:\/\/www.switcho.it\/blog\/luce-gas\/come-fare-allaccio-attivazione-a2a\/\">A2A Energia attivazione utenze: come fare l&#8217;allaccio e avviare la fornitura<\/a><\/li>\n<li><a class=\"wp-block-latest-posts__post-title\" href=\"https:\/\/www.switcho.it\/blog\/luce-gas\/come-fare-allaccio-attivazione-hera\/\">Come fare attivazione utenze e allaccio luce e gas con Hera<\/a><\/li>\n<li><a class=\"wp-block-latest-posts__post-title\" href=\"https:\/\/www.switcho.it\/blog\/luce-gas\/come-fare-allaccio-attivazione-dolomiti-energia\/\">Dolomiti Energia: come fare allaccio e attivazione di luce e gas<\/a><\/li>\n<li><a class=\"wp-block-latest-posts__post-title\" href=\"https:\/\/www.switcho.it\/blog\/luce-gas\/come-fare-allaccio-attivazione-eon\/\">Allaccio e attivazione con EON: tempi, costi, modalit\u00e0<\/a><\/li>\n<li><a class=\"wp-block-latest-posts__post-title\" href=\"https:\/\/www.switcho.it\/blog\/luce-gas\/come-fare-allaccio-attivazione-enel\/\">Nuovo allaccio Enel: procedura, tempi e costi<\/a><\/li>\n<\/ul><\/div>\n\n\n\n<div style=\"height:40px\" aria-hidden=\"true\" class=\"wp-block-spacer\"><\/div>\n\n\n\n<h2 class=\"wp-block-heading\"><strong>Luce e gas: gli altri argomenti<\/strong><\/h2>\n\n\n\n<div style=\"height:20px\" aria-hidden=\"true\" class=\"wp-block-spacer\"><\/div>\n\n\n\n<figure class=\"wp-block-table is-style-stripes\"><table class=\"has-fixed-layout\"><tbody><tr><td><a href=\"https:\/\/www.switcho.it\/blog\/luce-gas\/allaccio-attivazione\/\"><a href=\"https:\/\/www.switcho.it\/blog\/luce-gas\/impianto-elettrico\/\">Impianto elettrico<\/a><\/a><\/td><td><a href=\"https:\/\/www.switcho.it\/blog\/luce-gas\/contatore\/\">Contatore<\/a><\/td><td><a href=\"https:\/\/www.switcho.it\/blog\/luce-gas\/leggere-bolletta\/\">Leggere la bolletta<\/a><\/td><\/tr><tr><td><a href=\"https:\/\/www.switcho.it\/blog\/luce-gas\/risparmio-energia\/\">Risparmio<\/a><\/td><td><a href=\"https:\/\/www.switcho.it\/blog\/luce-gas\/come-pagare-bolletta\/\">Pagare la bolletta<\/a><\/td><td><a href=\"https:\/\/www.switcho.it\/blog\/luce-gas\/contestare-bolletta-luce-gas\/\">Reclami<\/a><\/td><\/tr><tr><td><a href=\"https:\/\/www.switcho.it\/blog\/luce-gas\/mercato-energia\/\">Mercato energetico<\/a><\/td><td><a href=\"https:\/\/www.switcho.it\/blog\/luce-gas\/contatti-fornitori-energia\/\">Contatti fornitori<\/a><\/td><td><a href=\"https:\/\/www.switcho.it\/blog\/luce-gas\/voltura-energia\/\">Voltura<\/a><\/td><\/tr><tr><td><a href=\"https:\/\/www.switcho.it\/risorse\/subentro-luce-gas\/\">Subentro<\/a><\/td><td><a href=\"https:\/\/www.switcho.it\/blog\/luce-gas\/contratti-energia\/\">Contratti luce e gas<\/a><\/td><td><a href=\"https:\/\/www.switcho.it\/blog\/luce-gas\/osservatorio\/\">Osservatorio energia<\/a><\/td><\/tr><tr><td><a href=\"https:\/\/www.switcho.it\/blog\/luce-gas\/impianto-fotovoltaico\/\">Fotovoltaico<\/a><\/td><td><a href=\"https:\/\/www.switcho.it\/blog\/luce-gas\/caldaia\/\">Caldaia<\/a><\/td><td><a href=\"https:\/\/www.switcho.it\/blog\/luce-gas\/condizionatore\/\">Condizionatore<\/a><\/td><\/tr><tr><td><a href=\"https:\/\/www.switcho.it\/blog\/luce-gas\/consumi-elettrodomestici\/\">Consumi elettrodomestici<\/a><\/td><td><a href=\"https:\/\/www.switcho.it\/blog\/luce-gas\/recensioni-fornitori-energetici\/\">Recensioni fornitori<\/a><\/td><td><a href=\"https:\/\/www.switcho.it\/blog\/luce-gas\/come-disdire-luce-gas\/\">Disdetta luce e gas<\/a><\/td><\/tr><tr><td><a href=\"https:\/\/www.switcho.it\/blog\/fonti-energetiche\/\">Fonti energetiche<\/a><\/td><td><\/td><td><\/td><\/tr><\/tbody><\/table><\/figure>\n\n\n\n<div style=\"height:40px\" aria-hidden=\"true\" class=\"wp-block-spacer\"><\/div>\n\n\n\n<h2 class=\"wp-block-heading\"><strong>Fornitori energetici<\/strong><\/h2>\n\n\n\n<figure class=\"wp-block-gallery has-nested-images columns-6 is-cropped gallery-box-shadow-none wp-block-gallery-1 is-layout-flex wp-block-gallery-is-layout-flex\">\n<figure class=\"wp-block-image size-large\"><a href=\"https:\/\/www.switcho.it\/blog\/luce-gas\/a2a\/\"><img loading=\"lazy\" decoding=\"async\" width=\"300\" height=\"200\" data-id=\"28373\" src=\"https:\/\/www.switcho.it\/blog\/wp-content\/uploads\/2023\/01\/a2a_gallery.png\" alt=\"A2A\" class=\"wp-image-28373\"\/><\/a><\/figure>\n\n\n\n<figure class=\"wp-block-image size-large\"><a href=\"https:\/\/www.switcho.it\/blog\/luce-gas\/plenitude\/\"><img loading=\"lazy\" decoding=\"async\" width=\"300\" height=\"200\" data-id=\"28403\" src=\"https:\/\/www.switcho.it\/blog\/wp-content\/uploads\/2023\/01\/plenitude_gallery.png\" alt=\"Eni Plenitude\" class=\"wp-image-28403\"\/><\/a><\/figure>\n\n\n\n<figure class=\"wp-block-image size-large\"><a href=\"https:\/\/www.switcho.it\/blog\/luce-gas\/hera\/\"><img loading=\"lazy\" decoding=\"async\" width=\"300\" height=\"200\" data-id=\"28388\" src=\"https:\/\/www.switcho.it\/blog\/wp-content\/uploads\/2023\/01\/hera_gallery.png\" alt=\"hera\" class=\"wp-image-28388\"\/><\/a><\/figure>\n\n\n\n<figure class=\"wp-block-image size-large\"><a href=\"https:\/\/www.switcho.it\/blog\/luce-gas\/pulsee\/\"><img decoding=\"async\" data-id=\"28406\" src=\"https:\/\/www.switcho.it\/blog\/wp-content\/uploads\/2026\/04\/pulsee-2026-300x200-1.png\" alt=\"Pulsee\" class=\"wp-image-28406\"\/><\/a><\/figure>\n\n\n\n<figure class=\"wp-block-image size-large\"><a href=\"https:\/\/www.switcho.it\/blog\/luce-gas\/enel-energia\/\"><img loading=\"lazy\" decoding=\"async\" width=\"300\" height=\"200\" data-id=\"45404\" src=\"https:\/\/www.switcho.it\/blog\/wp-content\/uploads\/2021\/09\/logo-enel.png\" alt=\"Enel Energia\" class=\"wp-image-45404\"\/><\/a><\/figure>\n\n\n\n<figure class=\"wp-block-image size-large\"><a href=\"https:\/\/www.switcho.it\/blog\/luce-gas\/illumia\/\"><img loading=\"lazy\" decoding=\"async\" width=\"300\" height=\"200\" data-id=\"28397\" src=\"https:\/\/www.switcho.it\/blog\/wp-content\/uploads\/2023\/01\/illumia_gallery.png\" alt=\"Illumia\" class=\"wp-image-28397\"\/><\/a><\/figure>\n\n\n\n<figure class=\"wp-block-image size-large\"><a href=\"https:\/\/www.switcho.it\/blog\/luce-gas\/vivi-energia\/\"><img loading=\"lazy\" decoding=\"async\" width=\"300\" height=\"200\" data-id=\"28424\" src=\"https:\/\/www.switcho.it\/blog\/wp-content\/uploads\/2023\/01\/vivi_energia_gallery.png\" alt=\"Vivi Energia\" class=\"wp-image-28424\"\/><\/a><\/figure>\n\n\n\n<figure class=\"wp-block-image size-large\"><a href=\"https:\/\/www.switcho.it\/blog\/luce-gas\/eon\/\"><img loading=\"lazy\" decoding=\"async\" width=\"300\" height=\"200\" data-id=\"28379\" src=\"https:\/\/www.switcho.it\/blog\/wp-content\/uploads\/2023\/01\/eon_gallery.png\" alt=\"E.on\" class=\"wp-image-28379\"\/><\/a><\/figure>\n\n\n\n<figure class=\"wp-block-image size-large\"><a href=\"https:\/\/www.switcho.it\/blog\/luce-gas\/nen\/\"><img loading=\"lazy\" decoding=\"async\" width=\"300\" height=\"200\" data-id=\"50360\" src=\"https:\/\/www.switcho.it\/blog\/wp-content\/uploads\/2023\/04\/logo-nen.png\" alt=\"logo nen\" class=\"wp-image-50360\"\/><\/a><\/figure>\n\n\n\n<figure class=\"wp-block-image size-large\"><a href=\"https:\/\/www.switcho.it\/blog\/luce-gas\/sinergas\/\"><img loading=\"lazy\" decoding=\"async\" width=\"300\" height=\"200\" data-id=\"53771\" src=\"https:\/\/www.switcho.it\/blog\/wp-content\/uploads\/2023\/05\/Sinergas.png\" alt=\"Sinergas\" class=\"wp-image-53771\"\/><\/a><\/figure>\n\n\n\n<figure class=\"wp-block-image size-large\"><img loading=\"lazy\" decoding=\"async\" width=\"300\" height=\"200\" data-id=\"70438\" src=\"https:\/\/www.switcho.it\/blog\/wp-content\/uploads\/2023\/10\/octopus-energy-gallery.png\" alt=\"Octopus Energy\" class=\"wp-image-70438\" srcset=\"https:\/\/www.switcho.it\/blog\/wp-content\/uploads\/2023\/10\/octopus-energy-gallery.png 300w, https:\/\/www.switcho.it\/blog\/wp-content\/uploads\/2023\/10\/octopus-energy-gallery-150x100.png 150w\" sizes=\"(max-width: 300px) 100vw, 300px\" \/><\/figure>\n\n\n\n<figure class=\"wp-block-image size-large\"><img loading=\"lazy\" decoding=\"async\" width=\"300\" height=\"200\" data-id=\"100726\" src=\"https:\/\/www.switcho.it\/blog\/wp-content\/uploads\/2024\/07\/segnoverde.png\" alt=\"segnoVerde\" class=\"wp-image-100726\" srcset=\"https:\/\/www.switcho.it\/blog\/wp-content\/uploads\/2024\/07\/segnoverde.png 300w, https:\/\/www.switcho.it\/blog\/wp-content\/uploads\/2024\/07\/segnoverde-150x100.png 150w\" sizes=\"(max-width: 300px) 100vw, 300px\" \/><\/figure>\n<\/figure>\n\n\n\n<div style=\"height:80px\" aria-hidden=\"true\" class=\"wp-block-spacer\"><\/div>\n","protected":false},"excerpt":{"rendered":"<p>Che differenza c&#8217;\u00e8 tra allaccio e attivazione? E come effettuare queste operazioni con i principali fornitori energetici?<\/p>\n","protected":false},"author":4,"featured_media":67585,"parent":144536,"menu_order":0,"comment_status":"closed","ping_status":"closed","template":"","meta":{"_et_pb_use_builder":"off","_et_pb_old_content":"","_et_gb_content_width":"","_lmt_disableupdate":"no","_lmt_disable":"","footnotes":""},"class_list":["post-67582","page","type-page","status-publish","has-post-thumbnail","hentry"],"yoast_head":"<!-- This site is optimized with the Yoast SEO plugin v27.5 - https:\/\/yoast.com\/product\/yoast-seo-wordpress\/ -->\n<title>Allaccio e attivazione della fornitura luce e gas - Switcho<\/title>\n<meta name=\"description\" content=\"Che differenza c&#039;\u00e8 tra allaccio e attivazione? E come effettuare queste operazioni con i principali fornitori energetici?\" \/>\n<meta name=\"robots\" content=\"index, follow, max-snippet:-1, max-image-preview:large, max-video-preview:-1\" \/>\n<link rel=\"canonical\" href=\"https:\/\/www.switcho.it\/blog\/luce-gas\/allaccio-attivazione\/\" \/>\n<meta property=\"og:locale\" content=\"it_IT\" \/>\n<meta property=\"og:type\" content=\"article\" \/>\n<meta property=\"og:title\" content=\"Allaccio e attivazione della fornitura luce e gas - Switcho\" \/>\n<meta property=\"og:description\" content=\"Che differenza c&#039;\u00e8 tra allaccio e attivazione? E come effettuare queste operazioni con i principali fornitori energetici?\" \/>\n<meta property=\"og:url\" content=\"https:\/\/www.switcho.it\/blog\/luce-gas\/allaccio-attivazione\/\" \/>\n<meta property=\"og:site_name\" content=\"Switcho\" \/>\n<meta property=\"article:modified_time\" content=\"2025-11-21T12:53:28+00:00\" \/>\n<meta property=\"og:image\" content=\"https:\/\/www.switcho.it\/blog\/wp-content\/uploads\/2023\/10\/allaccio-attivazione.jpg\" \/>\n\t<meta property=\"og:image:width\" content=\"900\" \/>\n\t<meta property=\"og:image:height\" content=\"600\" \/>\n\t<meta property=\"og:image:type\" content=\"image\/jpeg\" \/>\n<meta name=\"twitter:card\" content=\"summary_large_image\" \/>\n<meta name=\"twitter:label1\" content=\"Tempo di lettura stimato\" \/>\n\t<meta name=\"twitter:data1\" content=\"6 minuti\" \/>\n<script type=\"application\/ld+json\" class=\"yoast-schema-graph\">{\"@context\":\"https:\\\/\\\/schema.org\",\"@graph\":[{\"@type\":\"WebPage\",\"@id\":\"https:\\\/\\\/www.switcho.it\\\/blog\\\/luce-gas\\\/allaccio-attivazione\\\/\",\"url\":\"https:\\\/\\\/www.switcho.it\\\/blog\\\/luce-gas\\\/allaccio-attivazione\\\/\",\"name\":\"Allaccio e attivazione della fornitura luce e gas - Switcho\",\"isPartOf\":{\"@id\":\"https:\\\/\\\/www.switcho.it\\\/blog\\\/#website\"},\"primaryImageOfPage\":{\"@id\":\"https:\\\/\\\/www.switcho.it\\\/blog\\\/luce-gas\\\/allaccio-attivazione\\\/#primaryimage\"},\"image\":{\"@id\":\"https:\\\/\\\/www.switcho.it\\\/blog\\\/luce-gas\\\/allaccio-attivazione\\\/#primaryimage\"},\"thumbnailUrl\":\"https:\\\/\\\/www.switcho.it\\\/blog\\\/wp-content\\\/uploads\\\/2023\\\/10\\\/allaccio-attivazione.jpg\",\"datePublished\":\"2023-10-20T16:05:26+00:00\",\"dateModified\":\"2025-11-21T12:53:28+00:00\",\"description\":\"Che differenza c'\u00e8 tra allaccio e attivazione? E come effettuare queste operazioni con i principali fornitori energetici?\",\"breadcrumb\":{\"@id\":\"https:\\\/\\\/www.switcho.it\\\/blog\\\/luce-gas\\\/allaccio-attivazione\\\/#breadcrumb\"},\"inLanguage\":\"it-IT\",\"potentialAction\":[{\"@type\":\"ReadAction\",\"target\":[\"https:\\\/\\\/www.switcho.it\\\/blog\\\/luce-gas\\\/allaccio-attivazione\\\/\"]}]},{\"@type\":\"ImageObject\",\"inLanguage\":\"it-IT\",\"@id\":\"https:\\\/\\\/www.switcho.it\\\/blog\\\/luce-gas\\\/allaccio-attivazione\\\/#primaryimage\",\"url\":\"https:\\\/\\\/www.switcho.it\\\/blog\\\/wp-content\\\/uploads\\\/2023\\\/10\\\/allaccio-attivazione.jpg\",\"contentUrl\":\"https:\\\/\\\/www.switcho.it\\\/blog\\\/wp-content\\\/uploads\\\/2023\\\/10\\\/allaccio-attivazione.jpg\",\"width\":900,\"height\":600,\"caption\":\"Allaccio e attivazione forniture energetiche\"},{\"@type\":\"BreadcrumbList\",\"@id\":\"https:\\\/\\\/www.switcho.it\\\/blog\\\/luce-gas\\\/allaccio-attivazione\\\/#breadcrumb\",\"itemListElement\":[{\"@type\":\"ListItem\",\"position\":1,\"name\":\"Home\",\"item\":\"https:\\\/\\\/www.switcho.it\\\/blog\\\/\"},{\"@type\":\"ListItem\",\"position\":2,\"name\":\"Offerte Luce e Gas: confronta le migliori tariffe per te\",\"item\":\"https:\\\/\\\/www.switcho.it\\\/blog\\\/risorse\\\/luce-gas\\\/\"},{\"@type\":\"ListItem\",\"position\":3,\"name\":\"Allaccio e attivazione della fornitura luce e gas\"}]},{\"@type\":\"WebSite\",\"@id\":\"https:\\\/\\\/www.switcho.it\\\/blog\\\/#website\",\"url\":\"https:\\\/\\\/www.switcho.it\\\/blog\\\/\",\"name\":\"Switcho\",\"description\":\"Il blog semplice, per davvero.\",\"publisher\":{\"@id\":\"https:\\\/\\\/www.switcho.it\\\/blog\\\/#organization\"},\"potentialAction\":[{\"@type\":\"SearchAction\",\"target\":{\"@type\":\"EntryPoint\",\"urlTemplate\":\"https:\\\/\\\/www.switcho.it\\\/blog\\\/?s={search_term_string}\"},\"query-input\":{\"@type\":\"PropertyValueSpecification\",\"valueRequired\":true,\"valueName\":\"search_term_string\"}}],\"inLanguage\":\"it-IT\"},{\"@type\":\"Organization\",\"@id\":\"https:\\\/\\\/www.switcho.it\\\/blog\\\/#organization\",\"name\":\"Switcho\",\"url\":\"https:\\\/\\\/www.switcho.it\\\/blog\\\/\",\"logo\":{\"@type\":\"ImageObject\",\"inLanguage\":\"it-IT\",\"@id\":\"https:\\\/\\\/www.switcho.it\\\/blog\\\/#\\\/schema\\\/logo\\\/image\\\/\",\"url\":\"https:\\\/\\\/www.switcho.it\\\/blog\\\/wp-content\\\/uploads\\\/2021\\\/03\\\/Switcho-Logotype-Green.png\",\"contentUrl\":\"https:\\\/\\\/www.switcho.it\\\/blog\\\/wp-content\\\/uploads\\\/2021\\\/03\\\/Switcho-Logotype-Green.png\",\"width\":1507,\"height\":597,\"caption\":\"Switcho\"},\"image\":{\"@id\":\"https:\\\/\\\/www.switcho.it\\\/blog\\\/#\\\/schema\\\/logo\\\/image\\\/\"}}]}<\/script>\n<!-- \/ Yoast SEO plugin. -->","yoast_head_json":{"title":"Allaccio e attivazione della fornitura luce e gas - Switcho","description":"Che differenza c'\u00e8 tra allaccio e attivazione? E come effettuare queste operazioni con i principali fornitori energetici?","robots":{"index":"index","follow":"follow","max-snippet":"max-snippet:-1","max-image-preview":"max-image-preview:large","max-video-preview":"max-video-preview:-1"},"canonical":"https:\/\/www.switcho.it\/blog\/luce-gas\/allaccio-attivazione\/","og_locale":"it_IT","og_type":"article","og_title":"Allaccio e attivazione della fornitura luce e gas - Switcho","og_description":"Che differenza c'\u00e8 tra allaccio e attivazione? E come effettuare queste operazioni con i principali fornitori energetici?","og_url":"https:\/\/www.switcho.it\/blog\/luce-gas\/allaccio-attivazione\/","og_site_name":"Switcho","article_modified_time":"2025-11-21T12:53:28+00:00","og_image":[{"width":900,"height":600,"url":"https:\/\/www.switcho.it\/blog\/wp-content\/uploads\/2023\/10\/allaccio-attivazione.jpg","type":"image\/jpeg"}],"twitter_card":"summary_large_image","twitter_misc":{"Tempo di lettura stimato":"6 minuti"},"schema":{"@context":"https:\/\/schema.org","@graph":[{"@type":"WebPage","@id":"https:\/\/www.switcho.it\/blog\/luce-gas\/allaccio-attivazione\/","url":"https:\/\/www.switcho.it\/blog\/luce-gas\/allaccio-attivazione\/","name":"Allaccio e attivazione della fornitura luce e gas - Switcho","isPartOf":{"@id":"https:\/\/www.switcho.it\/blog\/#website"},"primaryImageOfPage":{"@id":"https:\/\/www.switcho.it\/blog\/luce-gas\/allaccio-attivazione\/#primaryimage"},"image":{"@id":"https:\/\/www.switcho.it\/blog\/luce-gas\/allaccio-attivazione\/#primaryimage"},"thumbnailUrl":"https:\/\/www.switcho.it\/blog\/wp-content\/uploads\/2023\/10\/allaccio-attivazione.jpg","datePublished":"2023-10-20T16:05:26+00:00","dateModified":"2025-11-21T12:53:28+00:00","description":"Che differenza c'\u00e8 tra allaccio e attivazione? E come effettuare queste operazioni con i principali fornitori energetici?","breadcrumb":{"@id":"https:\/\/www.switcho.it\/blog\/luce-gas\/allaccio-attivazione\/#breadcrumb"},"inLanguage":"it-IT","potentialAction":[{"@type":"ReadAction","target":["https:\/\/www.switcho.it\/blog\/luce-gas\/allaccio-attivazione\/"]}]},{"@type":"ImageObject","inLanguage":"it-IT","@id":"https:\/\/www.switcho.it\/blog\/luce-gas\/allaccio-attivazione\/#primaryimage","url":"https:\/\/www.switcho.it\/blog\/wp-content\/uploads\/2023\/10\/allaccio-attivazione.jpg","contentUrl":"https:\/\/www.switcho.it\/blog\/wp-content\/uploads\/2023\/10\/allaccio-attivazione.jpg","width":900,"height":600,"caption":"Allaccio e attivazione forniture energetiche"},{"@type":"BreadcrumbList","@id":"https:\/\/www.switcho.it\/blog\/luce-gas\/allaccio-attivazione\/#breadcrumb","itemListElement":[{"@type":"ListItem","position":1,"name":"Home","item":"https:\/\/www.switcho.it\/blog\/"},{"@type":"ListItem","position":2,"name":"Offerte Luce e Gas: confronta le migliori tariffe per te","item":"https:\/\/www.switcho.it\/blog\/risorse\/luce-gas\/"},{"@type":"ListItem","position":3,"name":"Allaccio e attivazione della fornitura luce e gas"}]},{"@type":"WebSite","@id":"https:\/\/www.switcho.it\/blog\/#website","url":"https:\/\/www.switcho.it\/blog\/","name":"Switcho","description":"Il blog semplice, per davvero.","publisher":{"@id":"https:\/\/www.switcho.it\/blog\/#organization"},"potentialAction":[{"@type":"SearchAction","target":{"@type":"EntryPoint","urlTemplate":"https:\/\/www.switcho.it\/blog\/?s={search_term_string}"},"query-input":{"@type":"PropertyValueSpecification","valueRequired":true,"valueName":"search_term_string"}}],"inLanguage":"it-IT"},{"@type":"Organization","@id":"https:\/\/www.switcho.it\/blog\/#organization","name":"Switcho","url":"https:\/\/www.switcho.it\/blog\/","logo":{"@type":"ImageObject","inLanguage":"it-IT","@id":"https:\/\/www.switcho.it\/blog\/#\/schema\/logo\/image\/","url":"https:\/\/www.switcho.it\/blog\/wp-content\/uploads\/2021\/03\/Switcho-Logotype-Green.png","contentUrl":"https:\/\/www.switcho.it\/blog\/wp-content\/uploads\/2021\/03\/Switcho-Logotype-Green.png","width":1507,"height":597,"caption":"Switcho"},"image":{"@id":"https:\/\/www.switcho.it\/blog\/#\/schema\/logo\/image\/"}}]}},"_links":{"self":[{"href":"https:\/\/www.switcho.it\/blog\/wp-json\/wp\/v2\/pages\/67582","targetHints":{"allow":["GET"]}}],"collection":[{"href":"https:\/\/www.switcho.it\/blog\/wp-json\/wp\/v2\/pages"}],"about":[{"href":"https:\/\/www.switcho.it\/blog\/wp-json\/wp\/v2\/types\/page"}],"author":[{"embeddable":true,"href":"https:\/\/www.switcho.it\/blog\/wp-json\/wp\/v2\/users\/4"}],"replies":[{"embeddable":true,"href":"https:\/\/www.switcho.it\/blog\/wp-json\/wp\/v2\/comments?post=67582"}],"version-history":[{"count":5,"href":"https:\/\/www.switcho.it\/blog\/wp-json\/wp\/v2\/pages\/67582\/revisions"}],"predecessor-version":[{"id":137079,"href":"https:\/\/www.switcho.it\/blog\/wp-json\/wp\/v2\/pages\/67582\/revisions\/137079"}],"up":[{"embeddable":true,"href":"https:\/\/www.switcho.it\/blog\/wp-json\/wp\/v2\/pages\/144536"}],"wp:featuredmedia":[{"embeddable":true,"href":"https:\/\/www.switcho.it\/blog\/wp-json\/wp\/v2\/media\/67585"}],"wp:attachment":[{"href":"https:\/\/www.switcho.it\/blog\/wp-json\/wp\/v2\/media?parent=67582"}],"curies":[{"name":"wp","href":"https:\/\/api.w.org\/{rel}","templated":true}]}}