{"id":136980,"date":"2025-07-30T14:13:06","date_gmt":"2025-07-30T14:13:06","guid":{"rendered":"https:\/\/www.switcho.it\/blog\/?page_id=136980"},"modified":"2025-11-21T12:41:50","modified_gmt":"2025-11-21T12:41:50","slug":"impianto-elettrico","status":"publish","type":"page","link":"https:\/\/www.switcho.it\/blog\/luce-gas\/impianto-elettrico\/","title":{"rendered":"Impianto elettrico di casa: tutte le guide"},"content":{"rendered":"\n<p>Per <strong>impianto energetico<\/strong> domestico si intende l\u2019insieme dei sistemi volti a produrre, gestire e consumare l\u2019energia all\u2019interno di un\u2019abitazione. In senso lato, tale definizione comprende componenti come i <a href=\"https:\/\/www.switcho.it\/blog\/luce-gas\/impianto-fotovoltaico\/\">pannelli fotovoltaici<\/a>, la <a href=\"https:\/\/www.switcho.it\/blog\/luce-gas\/caldaia\/\">caldaia<\/a> e i <a href=\"https:\/\/www.switcho.it\/blog\/luce-gas\/condizionatore\/\">condizionatori<\/a>, ma in senso pi\u00f9 stretto, quando si parla di <strong>impianto elettrico<\/strong> di casa ci si riferisce ai sistemi che garantiscono il controllo e l\u2019utilizzo sicuro dell\u2019energia tra le mura domestiche. Tra questi, per citarne alcuni:<\/p>\n\n\n\n<ul class=\"wp-block-list emoji_bullets emoji_right_arrow\">\n<li>il <strong>salvavita<\/strong>, un dispositivo di sicurezza che a determinate condizioni interrompe l\u2019erogazione di energia;<\/li>\n\n\n\n<li>il sistema di<strong> messa a terra<\/strong>, che protegge dal rischio di scosse elettriche;<\/li>\n\n\n\n<li>il <strong>quadro elettrico<\/strong>, dal quale si pu\u00f2 controllare l\u2019alimentazione di elettricit\u00e0 ai vari punti della casa.<\/li>\n<\/ul>\n\n\n\n<p>Senza diventare necessariamente degli elettricisti, sapere come funziona e da quali parti \u00e8 composto l\u2019impianto della propria abitazione pu\u00f2 tornare utile in varie situazioni. Se vuoi maggiori informazioni, qui trovi alcune guide che possono fare al caso tuo \ud83d\udc47<\/p>\n\n\n\n<div style=\"height:40px\" aria-hidden=\"true\" class=\"wp-block-spacer\"><\/div>\n\n\n\n<h2 class=\"wp-block-heading\" id=\"guide-risparmio\"><strong>Tutti gli articoli a tema impianto elettrico<\/strong><\/h2>\n\n\n\n<div style=\"height:20px\" aria-hidden=\"true\" class=\"wp-block-spacer\"><\/div>\n\n\n\n<div class=\"wp-block-group has-background is-layout-constrained wp-block-group-is-layout-constrained\" style=\"background-color:#f7f8fa\"><ul class=\"wp-block-latest-posts__list emoji_bullets emoji_hand_right wp-block-latest-posts\"><li><a class=\"wp-block-latest-posts__post-title\" href=\"https:\/\/www.switcho.it\/blog\/luce-gas\/salta-la-corrente\/\">Corrente saltata? Ecco cosa fare in caso di blackout<\/a><\/li>\n<li><a class=\"wp-block-latest-posts__post-title\" href=\"https:\/\/www.switcho.it\/blog\/luce-gas\/certificazione-impianto-elettrico\/\">Cos&#8217;\u00e8 la dichiarazione di conformit\u00e0 dell&#8217;impianto elettrico e quando \u00e8 obbligatoria?<\/a><\/li>\n<li><a class=\"wp-block-latest-posts__post-title\" href=\"https:\/\/www.switcho.it\/blog\/luce-gas\/quadro-elettrico-casa\/\">Guida completa al quadro elettrico della casa<\/a><\/li>\n<li><a class=\"wp-block-latest-posts__post-title\" href=\"https:\/\/www.switcho.it\/blog\/luce-gas\/impianto-elettrico-a-norma\/\">Impianto elettrico a norma: com&#8217;\u00e8 fatto e quanto costa?<\/a><\/li>\n<li><a class=\"wp-block-latest-posts__post-title\" href=\"https:\/\/www.switcho.it\/blog\/luce-gas\/messa-a-terra\/\">A cosa serve la messa a terra dell&#8217;impianto? Tutto ci\u00f2 che devi sapere<\/a><\/li>\n<li><a class=\"wp-block-latest-posts__post-title\" href=\"https:\/\/www.switcho.it\/blog\/luce-gas\/energia-reattiva\/\">Energia reattiva: perch\u00e9 si paga come penale e come ridurla<\/a><\/li>\n<li><a class=\"wp-block-latest-posts__post-title\" href=\"https:\/\/www.switcho.it\/blog\/luce-gas\/salvavita\/\">Guida al salvavita: come sceglierlo e come non farlo scattare<\/a><\/li>\n<\/ul><\/div>\n\n\n\n<div style=\"height:40px\" aria-hidden=\"true\" class=\"wp-block-spacer\"><\/div>\n\n\n\n<h2 class=\"wp-block-heading\"><strong>Luce e gas: gli altri argomenti<\/strong><\/h2>\n\n\n\n<div style=\"height:20px\" aria-hidden=\"true\" class=\"wp-block-spacer\"><\/div>\n\n\n\n<figure class=\"wp-block-table is-style-stripes\"><table class=\"has-fixed-layout\"><tbody><tr><td><a href=\"https:\/\/www.switcho.it\/blog\/luce-gas\/allaccio-attivazione\/\">Allaccio e attivazione<\/a><\/td><td><a href=\"https:\/\/www.switcho.it\/blog\/luce-gas\/contatore\/\">Contatore<\/a><\/td><td><a href=\"https:\/\/www.switcho.it\/blog\/luce-gas\/leggere-bolletta\/\">Leggere la bolletta<\/a><\/td><\/tr><tr><td><a href=\"https:\/\/www.switcho.it\/blog\/luce-gas\/risparmio-energia\/\">Risparmio<\/a><\/td><td><a href=\"https:\/\/www.switcho.it\/blog\/luce-gas\/come-pagare-bolletta\/\">Pagare la bolletta<\/a><\/td><td><a href=\"https:\/\/www.switcho.it\/blog\/luce-gas\/contestare-bolletta-luce-gas\/\">Reclami<\/a><\/td><\/tr><tr><td><a href=\"https:\/\/www.switcho.it\/blog\/luce-gas\/mercato-energia\/\">Mercato energetico<\/a><\/td><td><a href=\"https:\/\/www.switcho.it\/blog\/luce-gas\/contatti-fornitori-energia\/\">Contatti fornitori<\/a><\/td><td><a href=\"https:\/\/www.switcho.it\/blog\/luce-gas\/voltura-energia\/\">Voltura<\/a><\/td><\/tr><tr><td><a href=\"https:\/\/www.switcho.it\/risorse\/subentro-luce-gas\/\">Subentro<\/a><\/td><td><a href=\"https:\/\/www.switcho.it\/blog\/luce-gas\/contratti-energia\/\">Contratti luce e gas<\/a><\/td><td><a href=\"https:\/\/www.switcho.it\/blog\/luce-gas\/osservatorio\/\">Osservatorio energia<\/a><\/td><\/tr><tr><td><a href=\"https:\/\/www.switcho.it\/blog\/luce-gas\/impianto-fotovoltaico\/\">Fotovoltaico<\/a><\/td><td><a href=\"https:\/\/www.switcho.it\/blog\/luce-gas\/caldaia\/\">Caldaia<\/a><\/td><td><a href=\"https:\/\/www.switcho.it\/blog\/luce-gas\/condizionatore\/\">Condizionatore<\/a><\/td><\/tr><tr><td><a href=\"https:\/\/www.switcho.it\/blog\/luce-gas\/consumi-elettrodomestici\/\">Consumi elettrodomestici<\/a><\/td><td><a href=\"https:\/\/www.switcho.it\/blog\/luce-gas\/recensioni-fornitori-energetici\/\">Recensioni fornitori<\/a><\/td><td><a href=\"https:\/\/www.switcho.it\/blog\/luce-gas\/come-disdire-luce-gas\/\">Disdetta luce e gas<\/a><\/td><\/tr><tr><td><a href=\"https:\/\/www.switcho.it\/blog\/fonti-energetiche\/\">Fonti energetiche<\/a><\/td><td><\/td><td><\/td><\/tr><\/tbody><\/table><\/figure>\n\n\n\n<div style=\"height:40px\" aria-hidden=\"true\" class=\"wp-block-spacer\"><\/div>\n\n\n\n<h2 class=\"wp-block-heading\"><strong>Fornitori energetici<\/strong><\/h2>\n\n\n\n<figure class=\"wp-block-gallery has-nested-images columns-6 is-cropped gallery-box-shadow-none wp-block-gallery-1 is-layout-flex wp-block-gallery-is-layout-flex\">\n<figure class=\"wp-block-image size-large\"><a href=\"https:\/\/www.switcho.it\/blog\/luce-gas\/a2a\/\"><img decoding=\"async\" data-id=\"28373\" src=\"https:\/\/www.switcho.it\/blog\/wp-content\/uploads\/2026\/05\/a2a-new-300-200.png\" alt=\"A2A\" class=\"wp-image-28373\"\/><\/a><\/figure>\n\n\n\n<figure class=\"wp-block-image size-large\"><a href=\"https:\/\/www.switcho.it\/blog\/luce-gas\/plenitude\/\"><img loading=\"lazy\" decoding=\"async\" width=\"300\" height=\"200\" data-id=\"28403\" src=\"https:\/\/www.switcho.it\/blog\/wp-content\/uploads\/2023\/01\/plenitude_gallery.png\" alt=\"Eni Plenitude\" class=\"wp-image-28403\"\/><\/a><\/figure>\n\n\n\n<figure class=\"wp-block-image size-large\"><a href=\"https:\/\/www.switcho.it\/blog\/luce-gas\/hera\/\"><img loading=\"lazy\" decoding=\"async\" width=\"300\" height=\"200\" data-id=\"28388\" src=\"https:\/\/www.switcho.it\/blog\/wp-content\/uploads\/2023\/01\/hera_gallery.png\" alt=\"hera\" class=\"wp-image-28388\"\/><\/a><\/figure>\n\n\n\n<figure class=\"wp-block-image size-large\"><a href=\"https:\/\/www.switcho.it\/blog\/luce-gas\/pulsee\/\"><img decoding=\"async\" data-id=\"28406\" src=\"https:\/\/www.switcho.it\/blog\/wp-content\/uploads\/2026\/04\/pulsee-2026-300x200-1.png\" alt=\"Pulsee\" class=\"wp-image-28406\"\/><\/a><\/figure>\n\n\n\n<figure class=\"wp-block-image size-large\"><a href=\"https:\/\/www.switcho.it\/blog\/luce-gas\/enel-energia\/\"><img loading=\"lazy\" decoding=\"async\" width=\"300\" height=\"200\" data-id=\"45404\" src=\"https:\/\/www.switcho.it\/blog\/wp-content\/uploads\/2021\/09\/logo-enel.png\" alt=\"Enel Energia\" class=\"wp-image-45404\"\/><\/a><\/figure>\n\n\n\n<figure class=\"wp-block-image size-large\"><a href=\"https:\/\/www.switcho.it\/blog\/luce-gas\/illumia\/\"><img loading=\"lazy\" decoding=\"async\" width=\"300\" height=\"200\" data-id=\"28397\" src=\"https:\/\/www.switcho.it\/blog\/wp-content\/uploads\/2023\/01\/illumia_gallery.png\" alt=\"Illumia\" class=\"wp-image-28397\"\/><\/a><\/figure>\n\n\n\n<figure class=\"wp-block-image size-large\"><a href=\"https:\/\/www.switcho.it\/blog\/luce-gas\/vivi-energia\/\"><img loading=\"lazy\" decoding=\"async\" width=\"300\" height=\"200\" data-id=\"28424\" src=\"https:\/\/www.switcho.it\/blog\/wp-content\/uploads\/2023\/01\/vivi_energia_gallery.png\" alt=\"Vivi Energia\" class=\"wp-image-28424\"\/><\/a><\/figure>\n\n\n\n<figure class=\"wp-block-image size-large\"><a href=\"https:\/\/www.switcho.it\/blog\/luce-gas\/eon\/\"><img loading=\"lazy\" decoding=\"async\" width=\"300\" height=\"200\" data-id=\"28379\" src=\"https:\/\/www.switcho.it\/blog\/wp-content\/uploads\/2023\/01\/eon_gallery.png\" alt=\"E.on\" class=\"wp-image-28379\"\/><\/a><\/figure>\n\n\n\n<figure class=\"wp-block-image size-large\"><a href=\"https:\/\/www.switcho.it\/blog\/luce-gas\/nen\/\"><img loading=\"lazy\" decoding=\"async\" width=\"300\" height=\"200\" data-id=\"50360\" src=\"https:\/\/www.switcho.it\/blog\/wp-content\/uploads\/2023\/04\/logo-nen.png\" alt=\"logo nen\" class=\"wp-image-50360\"\/><\/a><\/figure>\n\n\n\n<figure class=\"wp-block-image size-large\"><a href=\"https:\/\/www.switcho.it\/blog\/luce-gas\/sinergas\/\"><img loading=\"lazy\" decoding=\"async\" width=\"300\" height=\"200\" data-id=\"53771\" src=\"https:\/\/www.switcho.it\/blog\/wp-content\/uploads\/2023\/05\/Sinergas.png\" alt=\"Sinergas\" class=\"wp-image-53771\"\/><\/a><\/figure>\n\n\n\n<figure class=\"wp-block-image size-large\"><img loading=\"lazy\" decoding=\"async\" width=\"300\" height=\"200\" data-id=\"70438\" src=\"https:\/\/www.switcho.it\/blog\/wp-content\/uploads\/2023\/10\/octopus-energy-gallery.png\" alt=\"Octopus Energy\" class=\"wp-image-70438\" srcset=\"https:\/\/www.switcho.it\/blog\/wp-content\/uploads\/2023\/10\/octopus-energy-gallery.png 300w, https:\/\/www.switcho.it\/blog\/wp-content\/uploads\/2023\/10\/octopus-energy-gallery-150x100.png 150w\" sizes=\"(max-width: 300px) 100vw, 300px\" \/><\/figure>\n\n\n\n<figure class=\"wp-block-image size-large\"><img loading=\"lazy\" decoding=\"async\" width=\"300\" height=\"200\" data-id=\"100726\" src=\"https:\/\/www.switcho.it\/blog\/wp-content\/uploads\/2024\/07\/segnoverde.png\" alt=\"segnoVerde\" class=\"wp-image-100726\" srcset=\"https:\/\/www.switcho.it\/blog\/wp-content\/uploads\/2024\/07\/segnoverde.png 300w, https:\/\/www.switcho.it\/blog\/wp-content\/uploads\/2024\/07\/segnoverde-150x100.png 150w\" sizes=\"(max-width: 300px) 100vw, 300px\" \/><\/figure>\n<\/figure>\n\n\n\n<div style=\"height:80px\" aria-hidden=\"true\" class=\"wp-block-spacer\"><\/div>\n","protected":false},"excerpt":{"rendered":"<p>Per impianto energetico domestico si intende l\u2019insieme dei sistemi volti a produrre, gestire e consumare l\u2019energia all\u2019interno di un\u2019abitazione. In senso lato, tale definizione comprende componenti come i pannelli fotovoltaici, la caldaia e i condizionatori, ma in senso pi\u00f9 stretto, quando si parla di impianto elettrico di casa ci si riferisce ai sistemi che garantiscono [&hellip;]<\/p>\n","protected":false},"author":4,"featured_media":136989,"parent":144536,"menu_order":0,"comment_status":"closed","ping_status":"closed","template":"","meta":{"_et_pb_use_builder":"off","_et_pb_old_content":"","_et_gb_content_width":"","_lmt_disableupdate":"no","_lmt_disable":"","footnotes":""},"class_list":["post-136980","page","type-page","status-publish","has-post-thumbnail","hentry"],"yoast_head":"<!-- This site is optimized with the Yoast SEO plugin v27.5 - https:\/\/yoast.com\/product\/yoast-seo-wordpress\/ -->\n<title>Guide all\u2019impianto elettrico di casa - Switcho<\/title>\n<meta name=\"description\" content=\"Tutto ci\u00f2 che devi sapere sull\u2019impianto elettrico di casa: salvavita, messa a terra, quadro elettrico e molto altro.\" \/>\n<meta name=\"robots\" content=\"index, follow, max-snippet:-1, max-image-preview:large, max-video-preview:-1\" \/>\n<link rel=\"canonical\" href=\"https:\/\/www.switcho.it\/blog\/luce-gas\/impianto-elettrico\/\" \/>\n<meta property=\"og:locale\" content=\"it_IT\" \/>\n<meta property=\"og:type\" content=\"article\" \/>\n<meta property=\"og:title\" content=\"Guide all\u2019impianto elettrico di casa\" \/>\n<meta property=\"og:description\" content=\"Tutto ci\u00f2 che devi sapere sull\u2019impianto elettrico di casa: salvavita, messa a terra, quadro elettrico e molto altro.\" \/>\n<meta property=\"og:url\" content=\"https:\/\/www.switcho.it\/blog\/luce-gas\/impianto-elettrico\/\" \/>\n<meta property=\"og:site_name\" content=\"Switcho\" \/>\n<meta property=\"article:modified_time\" content=\"2025-11-21T12:41:50+00:00\" \/>\n<meta property=\"og:image\" content=\"https:\/\/www.switcho.it\/blog\/wp-content\/uploads\/2025\/07\/impianto-elettrico.jpg\" \/>\n\t<meta property=\"og:image:width\" content=\"1200\" \/>\n\t<meta property=\"og:image:height\" content=\"800\" \/>\n\t<meta property=\"og:image:type\" content=\"image\/jpeg\" \/>\n<meta name=\"twitter:card\" content=\"summary_large_image\" \/>\n<meta name=\"twitter:label1\" content=\"Tempo di lettura stimato\" \/>\n\t<meta name=\"twitter:data1\" content=\"4 minuti\" \/>\n<script type=\"application\/ld+json\" class=\"yoast-schema-graph\">{\"@context\":\"https:\\\/\\\/schema.org\",\"@graph\":[{\"@type\":\"WebPage\",\"@id\":\"https:\\\/\\\/www.switcho.it\\\/blog\\\/luce-gas\\\/impianto-elettrico\\\/\",\"url\":\"https:\\\/\\\/www.switcho.it\\\/blog\\\/luce-gas\\\/impianto-elettrico\\\/\",\"name\":\"Guide all\u2019impianto elettrico di casa - Switcho\",\"isPartOf\":{\"@id\":\"https:\\\/\\\/www.switcho.it\\\/blog\\\/#website\"},\"primaryImageOfPage\":{\"@id\":\"https:\\\/\\\/www.switcho.it\\\/blog\\\/luce-gas\\\/impianto-elettrico\\\/#primaryimage\"},\"image\":{\"@id\":\"https:\\\/\\\/www.switcho.it\\\/blog\\\/luce-gas\\\/impianto-elettrico\\\/#primaryimage\"},\"thumbnailUrl\":\"https:\\\/\\\/www.switcho.it\\\/blog\\\/wp-content\\\/uploads\\\/2025\\\/07\\\/impianto-elettrico.jpg\",\"datePublished\":\"2025-07-30T14:13:06+00:00\",\"dateModified\":\"2025-11-21T12:41:50+00:00\",\"description\":\"Tutto ci\u00f2 che devi sapere sull\u2019impianto elettrico di casa: salvavita, messa a terra, quadro elettrico e molto altro.\",\"breadcrumb\":{\"@id\":\"https:\\\/\\\/www.switcho.it\\\/blog\\\/luce-gas\\\/impianto-elettrico\\\/#breadcrumb\"},\"inLanguage\":\"it-IT\",\"potentialAction\":[{\"@type\":\"ReadAction\",\"target\":[\"https:\\\/\\\/www.switcho.it\\\/blog\\\/luce-gas\\\/impianto-elettrico\\\/\"]}]},{\"@type\":\"ImageObject\",\"inLanguage\":\"it-IT\",\"@id\":\"https:\\\/\\\/www.switcho.it\\\/blog\\\/luce-gas\\\/impianto-elettrico\\\/#primaryimage\",\"url\":\"https:\\\/\\\/www.switcho.it\\\/blog\\\/wp-content\\\/uploads\\\/2025\\\/07\\\/impianto-elettrico.jpg\",\"contentUrl\":\"https:\\\/\\\/www.switcho.it\\\/blog\\\/wp-content\\\/uploads\\\/2025\\\/07\\\/impianto-elettrico.jpg\",\"width\":1200,\"height\":800,\"caption\":\"Impianto elettrico\"},{\"@type\":\"BreadcrumbList\",\"@id\":\"https:\\\/\\\/www.switcho.it\\\/blog\\\/luce-gas\\\/impianto-elettrico\\\/#breadcrumb\",\"itemListElement\":[{\"@type\":\"ListItem\",\"position\":1,\"name\":\"Home\",\"item\":\"https:\\\/\\\/www.switcho.it\\\/blog\\\/\"},{\"@type\":\"ListItem\",\"position\":2,\"name\":\"Offerte Luce e Gas: confronta le migliori tariffe per te\",\"item\":\"https:\\\/\\\/www.switcho.it\\\/blog\\\/risorse\\\/luce-gas\\\/\"},{\"@type\":\"ListItem\",\"position\":3,\"name\":\"Impianto elettrico di casa: tutte le guide\"}]},{\"@type\":\"WebSite\",\"@id\":\"https:\\\/\\\/www.switcho.it\\\/blog\\\/#website\",\"url\":\"https:\\\/\\\/www.switcho.it\\\/blog\\\/\",\"name\":\"Switcho\",\"description\":\"Il blog semplice, per davvero.\",\"publisher\":{\"@id\":\"https:\\\/\\\/www.switcho.it\\\/blog\\\/#organization\"},\"potentialAction\":[{\"@type\":\"SearchAction\",\"target\":{\"@type\":\"EntryPoint\",\"urlTemplate\":\"https:\\\/\\\/www.switcho.it\\\/blog\\\/?s={search_term_string}\"},\"query-input\":{\"@type\":\"PropertyValueSpecification\",\"valueRequired\":true,\"valueName\":\"search_term_string\"}}],\"inLanguage\":\"it-IT\"},{\"@type\":\"Organization\",\"@id\":\"https:\\\/\\\/www.switcho.it\\\/blog\\\/#organization\",\"name\":\"Switcho\",\"url\":\"https:\\\/\\\/www.switcho.it\\\/blog\\\/\",\"logo\":{\"@type\":\"ImageObject\",\"inLanguage\":\"it-IT\",\"@id\":\"https:\\\/\\\/www.switcho.it\\\/blog\\\/#\\\/schema\\\/logo\\\/image\\\/\",\"url\":\"https:\\\/\\\/www.switcho.it\\\/blog\\\/wp-content\\\/uploads\\\/2021\\\/03\\\/Switcho-Logotype-Green.png\",\"contentUrl\":\"https:\\\/\\\/www.switcho.it\\\/blog\\\/wp-content\\\/uploads\\\/2021\\\/03\\\/Switcho-Logotype-Green.png\",\"width\":1507,\"height\":597,\"caption\":\"Switcho\"},\"image\":{\"@id\":\"https:\\\/\\\/www.switcho.it\\\/blog\\\/#\\\/schema\\\/logo\\\/image\\\/\"}}]}<\/script>\n<!-- \/ Yoast SEO plugin. -->","yoast_head_json":{"title":"Guide all\u2019impianto elettrico di casa - Switcho","description":"Tutto ci\u00f2 che devi sapere sull\u2019impianto elettrico di casa: salvavita, messa a terra, quadro elettrico e molto altro.","robots":{"index":"index","follow":"follow","max-snippet":"max-snippet:-1","max-image-preview":"max-image-preview:large","max-video-preview":"max-video-preview:-1"},"canonical":"https:\/\/www.switcho.it\/blog\/luce-gas\/impianto-elettrico\/","og_locale":"it_IT","og_type":"article","og_title":"Guide all\u2019impianto elettrico di casa","og_description":"Tutto ci\u00f2 che devi sapere sull\u2019impianto elettrico di casa: salvavita, messa a terra, quadro elettrico e molto altro.","og_url":"https:\/\/www.switcho.it\/blog\/luce-gas\/impianto-elettrico\/","og_site_name":"Switcho","article_modified_time":"2025-11-21T12:41:50+00:00","og_image":[{"width":1200,"height":800,"url":"https:\/\/www.switcho.it\/blog\/wp-content\/uploads\/2025\/07\/impianto-elettrico.jpg","type":"image\/jpeg"}],"twitter_card":"summary_large_image","twitter_misc":{"Tempo di lettura stimato":"4 minuti"},"schema":{"@context":"https:\/\/schema.org","@graph":[{"@type":"WebPage","@id":"https:\/\/www.switcho.it\/blog\/luce-gas\/impianto-elettrico\/","url":"https:\/\/www.switcho.it\/blog\/luce-gas\/impianto-elettrico\/","name":"Guide all\u2019impianto elettrico di casa - Switcho","isPartOf":{"@id":"https:\/\/www.switcho.it\/blog\/#website"},"primaryImageOfPage":{"@id":"https:\/\/www.switcho.it\/blog\/luce-gas\/impianto-elettrico\/#primaryimage"},"image":{"@id":"https:\/\/www.switcho.it\/blog\/luce-gas\/impianto-elettrico\/#primaryimage"},"thumbnailUrl":"https:\/\/www.switcho.it\/blog\/wp-content\/uploads\/2025\/07\/impianto-elettrico.jpg","datePublished":"2025-07-30T14:13:06+00:00","dateModified":"2025-11-21T12:41:50+00:00","description":"Tutto ci\u00f2 che devi sapere sull\u2019impianto elettrico di casa: salvavita, messa a terra, quadro elettrico e molto altro.","breadcrumb":{"@id":"https:\/\/www.switcho.it\/blog\/luce-gas\/impianto-elettrico\/#breadcrumb"},"inLanguage":"it-IT","potentialAction":[{"@type":"ReadAction","target":["https:\/\/www.switcho.it\/blog\/luce-gas\/impianto-elettrico\/"]}]},{"@type":"ImageObject","inLanguage":"it-IT","@id":"https:\/\/www.switcho.it\/blog\/luce-gas\/impianto-elettrico\/#primaryimage","url":"https:\/\/www.switcho.it\/blog\/wp-content\/uploads\/2025\/07\/impianto-elettrico.jpg","contentUrl":"https:\/\/www.switcho.it\/blog\/wp-content\/uploads\/2025\/07\/impianto-elettrico.jpg","width":1200,"height":800,"caption":"Impianto elettrico"},{"@type":"BreadcrumbList","@id":"https:\/\/www.switcho.it\/blog\/luce-gas\/impianto-elettrico\/#breadcrumb","itemListElement":[{"@type":"ListItem","position":1,"name":"Home","item":"https:\/\/www.switcho.it\/blog\/"},{"@type":"ListItem","position":2,"name":"Offerte Luce e Gas: confronta le migliori tariffe per te","item":"https:\/\/www.switcho.it\/blog\/risorse\/luce-gas\/"},{"@type":"ListItem","position":3,"name":"Impianto elettrico di casa: tutte le guide"}]},{"@type":"WebSite","@id":"https:\/\/www.switcho.it\/blog\/#website","url":"https:\/\/www.switcho.it\/blog\/","name":"Switcho","description":"Il blog semplice, per davvero.","publisher":{"@id":"https:\/\/www.switcho.it\/blog\/#organization"},"potentialAction":[{"@type":"SearchAction","target":{"@type":"EntryPoint","urlTemplate":"https:\/\/www.switcho.it\/blog\/?s={search_term_string}"},"query-input":{"@type":"PropertyValueSpecification","valueRequired":true,"valueName":"search_term_string"}}],"inLanguage":"it-IT"},{"@type":"Organization","@id":"https:\/\/www.switcho.it\/blog\/#organization","name":"Switcho","url":"https:\/\/www.switcho.it\/blog\/","logo":{"@type":"ImageObject","inLanguage":"it-IT","@id":"https:\/\/www.switcho.it\/blog\/#\/schema\/logo\/image\/","url":"https:\/\/www.switcho.it\/blog\/wp-content\/uploads\/2021\/03\/Switcho-Logotype-Green.png","contentUrl":"https:\/\/www.switcho.it\/blog\/wp-content\/uploads\/2021\/03\/Switcho-Logotype-Green.png","width":1507,"height":597,"caption":"Switcho"},"image":{"@id":"https:\/\/www.switcho.it\/blog\/#\/schema\/logo\/image\/"}}]}},"_links":{"self":[{"href":"https:\/\/www.switcho.it\/blog\/wp-json\/wp\/v2\/pages\/136980","targetHints":{"allow":["GET"]}}],"collection":[{"href":"https:\/\/www.switcho.it\/blog\/wp-json\/wp\/v2\/pages"}],"about":[{"href":"https:\/\/www.switcho.it\/blog\/wp-json\/wp\/v2\/types\/page"}],"author":[{"embeddable":true,"href":"https:\/\/www.switcho.it\/blog\/wp-json\/wp\/v2\/users\/4"}],"replies":[{"embeddable":true,"href":"https:\/\/www.switcho.it\/blog\/wp-json\/wp\/v2\/comments?post=136980"}],"version-history":[{"count":4,"href":"https:\/\/www.switcho.it\/blog\/wp-json\/wp\/v2\/pages\/136980\/revisions"}],"predecessor-version":[{"id":137103,"href":"https:\/\/www.switcho.it\/blog\/wp-json\/wp\/v2\/pages\/136980\/revisions\/137103"}],"up":[{"embeddable":true,"href":"https:\/\/www.switcho.it\/blog\/wp-json\/wp\/v2\/pages\/144536"}],"wp:featuredmedia":[{"embeddable":true,"href":"https:\/\/www.switcho.it\/blog\/wp-json\/wp\/v2\/media\/136989"}],"wp:attachment":[{"href":"https:\/\/www.switcho.it\/blog\/wp-json\/wp\/v2\/media?parent=136980"}],"curies":[{"name":"wp","href":"https:\/\/api.w.org\/{rel}","templated":true}]}}