{"id":125520,"date":"2025-04-24T10:28:26","date_gmt":"2025-04-24T10:28:26","guid":{"rendered":"https:\/\/www.switcho.it\/blog\/?page_id=125520"},"modified":"2025-04-24T10:29:18","modified_gmt":"2025-04-24T10:29:18","slug":"credito-residuo","status":"publish","type":"page","link":"https:\/\/www.switcho.it\/blog\/mobile\/credito-residuo\/","title":{"rendered":"Credito residuo sulla SIM: come verificarlo con i principali operatori"},"content":{"rendered":"\n<p>Di tanto in tanto capita a tutti di dover controllare il saldo rimasto sulla scheda SIM del proprio cellulare. Ogni operatore di telefonia mobile mette a disposizione diversi metodi per verificare il credito residuo, ecco i principali:<\/p>\n\n\n\n<ul class=\"wp-block-list\">\n<li><strong>Area personale online<\/strong> sul sito dell&#8217;operatore<\/li>\n\n\n\n<li><strong>App <\/strong>della compagnia telefonica sul proprio smartphone<\/li>\n\n\n\n<li><strong>Chiamata <\/strong>a un numero dedicato, specifico per ogni operatore<\/li>\n\n\n\n<li><strong>SMS <\/strong>a un numero dedicato<\/li>\n<\/ul>\n\n\n\n<p>Con una di queste modalit\u00e0, in pochi istanti, saprai quanti soldi ti rimangono a disposizione sulla SIM.<\/p>\n\n\n\n<p>Conoscere il credito residuo \u00e8 importante soprattutto per chi ha un&#8217;<strong>offerta ricaricabile<\/strong>, perch\u00e9 ogni mese la tariffa viene scalata proprio dal credito della SIM e, se questo non \u00e8 sufficiente a coprire il costo, l&#8217;operatore non potr\u00e0 rinnovare l&#8217;offerta per il mese successivo.<\/p>\n\n\n\n<p>Anche chi ha un&#8217;offerta in <strong>abbonamento<\/strong>, per\u00f2, non pu\u00f2 trascurare questo dettaglio. Anche se la tariffa (solitamente mensile) viene scalata dal conto bancario o tramite carta di credito, non \u00e8 consigliabile rimanere &#8220;a secco&#8221; con il saldo della SIM, per vari motivi. L&#8217;offerta attiva potrebbe non comprendere nei costi di base operazioni che necessitano di credito residuo presente sulla scheda telefonica, ad esempio telefonate o navigazione internet da certi Paesi esteri. Oppure l&#8217;offerta potrebbe prevedere delle soglie nell&#8217;utilizzo di minuti, GB o SMS che, se superate, potrebbero prosciugare velocemente il credito disponibile.<\/p>\n\n\n\n<p>Bisogna quindi fare attenzione alle condizioni della propria offerta attuale ed \u00e8 sempre consigliabile lasciare un po&#8217; di saldo in pi\u00f9 sulla SIM a copertura dei possibili imprevisti, tanto pi\u00f9 che questo credito non sar\u00e0 mai perso anche a fronte di un <a href=\"https:\/\/www.switcho.it\/blog\/mobile\/cambiare-operatore-telefonico-mobile\/\">cambio di operatore<\/a>, al quale potr\u00e0 essere <a href=\"https:\/\/www.switcho.it\/blog\/mobile\/trasferimento-credito-residuo\/\">trasferito<\/a>.<\/p>\n\n\n\n<p>Qui sotto trovi le guide con numeri e riferimenti per la verifica del credito residuo con i principali operatori telefonici \ud83d\udc47<\/p>\n\n\n\n<div style=\"height:40px\" aria-hidden=\"true\" class=\"wp-block-spacer\"><\/div>\n\n\n\n<h2 class=\"wp-block-heading\" id=\"guide-operatori\"><strong>Tutti gli articoli sulla verifica del credito residuo<\/strong><\/h2>\n\n\n\n<div style=\"height:20px\" aria-hidden=\"true\" class=\"wp-block-spacer\"><\/div>\n\n\n\n<div class=\"wp-block-group has-background is-layout-constrained wp-block-group-is-layout-constrained\" style=\"background-color:#f7f8fa\"><ul class=\"wp-block-latest-posts__list emoji_bullets emoji_hand_right wp-block-latest-posts\"><li><a class=\"wp-block-latest-posts__post-title\" href=\"https:\/\/www.switcho.it\/blog\/mobile\/credito-residuo-fastweb\/\">Come verificare il credito residuo con Fastweb Mobile<\/a><\/li>\n<li><a class=\"wp-block-latest-posts__post-title\" href=\"https:\/\/www.switcho.it\/blog\/mobile\/credito-residuo-iliad\/\">Come verificare il credito residuo Iliad: tutti i metodi<\/a><\/li>\n<li><a class=\"wp-block-latest-posts__post-title\" href=\"https:\/\/www.switcho.it\/blog\/mobile\/credito-residuo-ho-mobile\/\">Credito residuo ho. Mobile: come si controlla?<\/a><\/li>\n<li><a class=\"wp-block-latest-posts__post-title\" href=\"https:\/\/www.switcho.it\/blog\/mobile\/credito-residuo-kena-mobile\/\">Credito residuo Kena Mobile: tutti i modi per controllarlo<\/a><\/li>\n<li><a class=\"wp-block-latest-posts__post-title\" href=\"https:\/\/www.switcho.it\/blog\/mobile\/credito-residuo-very-mobile\/\">Verifica credito Very Mobile: tutti i metodi per farlo<\/a><\/li>\n<li><a class=\"wp-block-latest-posts__post-title\" href=\"https:\/\/www.switcho.it\/blog\/mobile\/credito-residuo-windtre\/\">Controllo credito residuo WINDTRE: come verificarlo gratis<\/a><\/li>\n<li><a class=\"wp-block-latest-posts__post-title\" href=\"https:\/\/www.switcho.it\/blog\/mobile\/credito-residuo-tim\/\">Controllo credito residuo TIM: tutti i metodi per verificarlo<\/a><\/li>\n<li><a class=\"wp-block-latest-posts__post-title\" href=\"https:\/\/www.switcho.it\/blog\/mobile\/credito-residuo-vodafone\/\">Controllo credito residuo Vodafone: numero, app e altri metodi<\/a><\/li>\n<\/ul><\/div>\n\n\n\n<div style=\"height:40px\" aria-hidden=\"true\" class=\"wp-block-spacer\"><\/div>\n\n\n\n<h2 class=\"wp-block-heading\"><strong>Telefonia mobile: gli altri argomenti<\/strong><\/h2>\n\n\n\n<div style=\"height:20px\" aria-hidden=\"true\" class=\"wp-block-spacer\"><\/div>\n\n\n\n<figure class=\"wp-block-table is-style-stripes\"><table class=\"has-fixed-layout\"><tbody><tr><td><a href=\"https:\/\/www.switcho.it\/blog\/mobile\/offerte-giga-illimitati\/\">GIGA illimitati<\/a><\/td><td><a href=\"https:\/\/www.switcho.it\/blog\/mobile\/estero\/\">Estero<\/a><\/td><td><a href=\"https:\/\/www.switcho.it\/blog\/mobile\/portabilita-numero\/\">Portabilit\u00e0 del numero<\/a><\/td><\/tr><tr><td><a href=\"https:\/\/www.switcho.it\/blog\/mobile\/saponetta-internet\/\">Saponetta internet<\/a><\/td><td><a href=\"https:\/\/www.switcho.it\/blog\/mobile\/disservizi-telefonia-mobile\/\">Disservizi telefonia mobile<\/a><\/td><td><a href=\"https:\/\/www.switcho.it\/blog\/mobile\/passa\/\">Offerte &#8220;passa a&#8221;<\/a><\/td><\/tr><tr><td><a href=\"https:\/\/www.switcho.it\/blog\/mobile\/copertura-mobile\/\">Copertura mobile<\/a><\/td><td><a href=\"https:\/\/www.switcho.it\/blog\/mobile\/ricarica-telefonica\/\">Ricarica telefonica<\/a><\/td><td><a href=\"https:\/\/www.switcho.it\/blog\/mobile\/apn\/\">APN<\/a><\/td><\/tr><tr><td><a href=\"https:\/\/www.switcho.it\/blog\/mobile\/recensioni-operatori-mobile\/\">Recensioni operatori mobile<\/a><\/td><td><a href=\"https:\/\/www.switcho.it\/blog\/mobile\/segreteria-telefonica\/\">Segreteria telefonica<\/a><\/td><td><a href=\"https:\/\/www.switcho.it\/blog\/mobile\/contatti-operatori-mobile\/\">Contatti operatori mobile<\/a><\/td><\/tr><tr><td><a href=\"https:\/\/www.switcho.it\/blog\/mobile\/esim\/\">eSIM<\/a><\/td><td><\/td><td><\/td><\/tr><\/tbody><\/table><\/figure>\n\n\n\n<div style=\"height:40px\" aria-hidden=\"true\" class=\"wp-block-spacer\"><\/div>\n\n\n\n<h2 class=\"wp-block-heading\"><strong>Operatori mobile<\/strong><\/h2>\n\n\n\n<div style=\"height:20px\" aria-hidden=\"true\" class=\"wp-block-spacer\"><\/div>\n\n\n\n<div class=\"logo-grid\">\n<div class=\"logo-grid-item\"><a href=\"https:\/\/www.switcho.it\/blog\/mobile\/fastweb-mobile\/\"><img decoding=\"async\" alt=\"Fastweb Mobile\" src=\"https:\/\/www.switcho.it\/blog\/wp-content\/uploads\/2023\/01\/fastweb_gallery.png\"><\/a><\/div>\n<div class=\"logo-grid-item\"><a href=\"https:\/\/www.switcho.it\/blog\/mobile\/tim\/\"><img decoding=\"async\" alt=\"TIM\" src=\"https:\/\/www.switcho.it\/blog\/wp-content\/uploads\/2023\/01\/tim_gallery.png\"><\/a><\/div>\n<div class=\"logo-grid-item\"><a href=\"https:\/\/www.switcho.it\/blog\/mobile\/vodafone\/\"><img decoding=\"async\" alt=\"Vodafone\" src=\"https:\/\/www.switcho.it\/blog\/wp-content\/uploads\/2023\/01\/vodafone_gallery.png\"><\/a><\/div>\n<div class=\"logo-grid-item\"><a href=\"https:\/\/www.switcho.it\/blog\/mobile\/windtre\/\"><img decoding=\"async\" alt=\"WINDTRE\" src=\"https:\/\/www.switcho.it\/blog\/wp-content\/uploads\/2023\/01\/windtre_gallery.png\"><\/a><\/div>\n<div class=\"logo-grid-item\"><a href=\"https:\/\/www.switcho.it\/blog\/mobile\/iliad\/\"><img decoding=\"async\" alt=\"Iliad\" src=\"https:\/\/www.switcho.it\/blog\/wp-content\/uploads\/2023\/01\/iliad_gallery.png\"><\/a><\/div>\n<div class=\"logo-grid-item\"><a href=\"https:\/\/www.switcho.it\/blog\/mobile\/ho-mobile\/\"><img decoding=\"async\" alt=\"ho. Mobile\" src=\"https:\/\/www.switcho.it\/blog\/wp-content\/uploads\/2023\/01\/ho_gallery.png\"><\/a><\/div>\n<div class=\"logo-grid-item\"><a href=\"https:\/\/www.switcho.it\/blog\/mobile\/kena-mobile\/\"><img decoding=\"async\" alt=\"Kena Mobile\" src=\"https:\/\/www.switcho.it\/blog\/wp-content\/uploads\/2023\/03\/kena_gallery.png\"><\/a><\/div>\n<div class=\"logo-grid-item\"><a href=\"https:\/\/www.switcho.it\/blog\/mobile\/very-mobile\/\"><img decoding=\"async\" alt=\"Very Mobile\" src=\"https:\/\/www.switcho.it\/blog\/wp-content\/uploads\/2023\/01\/very_mobile_gallery.png\"><\/a><\/div>\n<div class=\"logo-grid-item\"><a href=\"https:\/\/www.switcho.it\/blog\/mobile\/spusu\/\"><img decoding=\"async\" alt=\"Spusu\" src=\"https:\/\/www.switcho.it\/blog\/wp-content\/uploads\/2023\/01\/spusu_gallery.png\"><\/a><\/div>\n<div class=\"logo-grid-item\"><a href=\"https:\/\/www.switcho.it\/blog\/mobile\/optima\/\"><img decoding=\"async\" alt=\"Optima Mobile\" src=\"https:\/\/www.switcho.it\/blog\/wp-content\/uploads\/2025\/10\/optima-300x200-1.png\"><\/a><\/div>\n<\/div>\n\n\n\n<div style=\"height:80px\" aria-hidden=\"true\" class=\"wp-block-spacer\"><\/div>\n","protected":false},"excerpt":{"rendered":"<p>Di tanto in tanto capita a tutti di dover controllare il saldo rimasto sulla scheda SIM del proprio cellulare. Ogni operatore di telefonia mobile mette a disposizione diversi metodi per verificare il credito residuo, ecco i principali: Con una di queste modalit\u00e0, in pochi istanti, saprai quanti soldi ti rimangono a disposizione sulla SIM. Conoscere [&hellip;]<\/p>\n","protected":false},"author":4,"featured_media":125526,"parent":27317,"menu_order":0,"comment_status":"closed","ping_status":"closed","template":"","meta":{"_et_pb_use_builder":"off","_et_pb_old_content":"","_et_gb_content_width":"","_lmt_disableupdate":"yes","_lmt_disable":"","footnotes":""},"class_list":["post-125520","page","type-page","status-publish","has-post-thumbnail","hentry"],"yoast_head":"<!-- This site is optimized with the Yoast SEO plugin v27.5 - https:\/\/yoast.com\/product\/yoast-seo-wordpress\/ -->\n<title>Credito residuo sulla SIM: come verificarlo con i principali operatori - Switcho<\/title>\n<meta name=\"description\" content=\"Ecco le indicazioni per controllare il credito residuo sulla scheda SIM con i principali operatori telefonici.\" \/>\n<meta name=\"robots\" content=\"index, follow, max-snippet:-1, max-image-preview:large, max-video-preview:-1\" \/>\n<link rel=\"canonical\" href=\"https:\/\/www.switcho.it\/blog\/mobile\/credito-residuo\/\" \/>\n<meta property=\"og:locale\" content=\"it_IT\" \/>\n<meta property=\"og:type\" content=\"article\" \/>\n<meta property=\"og:title\" content=\"Credito residuo sulla SIM: come verificarlo con i principali operatori\" \/>\n<meta property=\"og:description\" content=\"Ecco le indicazioni per controllare il credito residuo sulla scheda SIM con i principali operatori telefonici.\" \/>\n<meta property=\"og:url\" content=\"https:\/\/www.switcho.it\/blog\/mobile\/credito-residuo\/\" \/>\n<meta property=\"og:site_name\" content=\"Switcho\" \/>\n<meta property=\"article:modified_time\" content=\"2025-04-24T10:29:18+00:00\" \/>\n<meta property=\"og:image\" content=\"https:\/\/www.switcho.it\/blog\/wp-content\/uploads\/2025\/04\/credito-residuo.jpg\" \/>\n\t<meta property=\"og:image:width\" content=\"1200\" \/>\n\t<meta property=\"og:image:height\" content=\"800\" \/>\n\t<meta property=\"og:image:type\" content=\"image\/jpeg\" \/>\n<meta name=\"twitter:card\" content=\"summary_large_image\" \/>\n<meta name=\"twitter:label1\" content=\"Tempo di lettura stimato\" \/>\n\t<meta name=\"twitter:data1\" content=\"4 minuti\" \/>\n<script type=\"application\/ld+json\" class=\"yoast-schema-graph\">{\"@context\":\"https:\\\/\\\/schema.org\",\"@graph\":[{\"@type\":\"WebPage\",\"@id\":\"https:\\\/\\\/www.switcho.it\\\/blog\\\/mobile\\\/credito-residuo\\\/\",\"url\":\"https:\\\/\\\/www.switcho.it\\\/blog\\\/mobile\\\/credito-residuo\\\/\",\"name\":\"Credito residuo sulla SIM: come verificarlo con i principali operatori - Switcho\",\"isPartOf\":{\"@id\":\"https:\\\/\\\/www.switcho.it\\\/blog\\\/#website\"},\"primaryImageOfPage\":{\"@id\":\"https:\\\/\\\/www.switcho.it\\\/blog\\\/mobile\\\/credito-residuo\\\/#primaryimage\"},\"image\":{\"@id\":\"https:\\\/\\\/www.switcho.it\\\/blog\\\/mobile\\\/credito-residuo\\\/#primaryimage\"},\"thumbnailUrl\":\"https:\\\/\\\/www.switcho.it\\\/blog\\\/wp-content\\\/uploads\\\/2025\\\/04\\\/credito-residuo.jpg\",\"datePublished\":\"2025-04-24T10:28:26+00:00\",\"dateModified\":\"2025-04-24T10:29:18+00:00\",\"description\":\"Ecco le indicazioni per controllare il credito residuo sulla scheda SIM con i principali operatori telefonici.\",\"breadcrumb\":{\"@id\":\"https:\\\/\\\/www.switcho.it\\\/blog\\\/mobile\\\/credito-residuo\\\/#breadcrumb\"},\"inLanguage\":\"it-IT\",\"potentialAction\":[{\"@type\":\"ReadAction\",\"target\":[\"https:\\\/\\\/www.switcho.it\\\/blog\\\/mobile\\\/credito-residuo\\\/\"]}]},{\"@type\":\"ImageObject\",\"inLanguage\":\"it-IT\",\"@id\":\"https:\\\/\\\/www.switcho.it\\\/blog\\\/mobile\\\/credito-residuo\\\/#primaryimage\",\"url\":\"https:\\\/\\\/www.switcho.it\\\/blog\\\/wp-content\\\/uploads\\\/2025\\\/04\\\/credito-residuo.jpg\",\"contentUrl\":\"https:\\\/\\\/www.switcho.it\\\/blog\\\/wp-content\\\/uploads\\\/2025\\\/04\\\/credito-residuo.jpg\",\"width\":1200,\"height\":800,\"caption\":\"Credito residuo\"},{\"@type\":\"BreadcrumbList\",\"@id\":\"https:\\\/\\\/www.switcho.it\\\/blog\\\/mobile\\\/credito-residuo\\\/#breadcrumb\",\"itemListElement\":[{\"@type\":\"ListItem\",\"position\":1,\"name\":\"Home\",\"item\":\"https:\\\/\\\/www.switcho.it\\\/blog\\\/\"},{\"@type\":\"ListItem\",\"position\":2,\"name\":\"Offerte Telefonia Mobile: le migliori tariffe per il tuo smartphone\",\"item\":\"https:\\\/\\\/www.switcho.it\\\/blog\\\/risorse\\\/mobile\\\/\"},{\"@type\":\"ListItem\",\"position\":3,\"name\":\"Credito residuo sulla SIM: come verificarlo con i principali operatori\"}]},{\"@type\":\"WebSite\",\"@id\":\"https:\\\/\\\/www.switcho.it\\\/blog\\\/#website\",\"url\":\"https:\\\/\\\/www.switcho.it\\\/blog\\\/\",\"name\":\"Switcho\",\"description\":\"Il blog semplice, per davvero.\",\"publisher\":{\"@id\":\"https:\\\/\\\/www.switcho.it\\\/blog\\\/#organization\"},\"potentialAction\":[{\"@type\":\"SearchAction\",\"target\":{\"@type\":\"EntryPoint\",\"urlTemplate\":\"https:\\\/\\\/www.switcho.it\\\/blog\\\/?s={search_term_string}\"},\"query-input\":{\"@type\":\"PropertyValueSpecification\",\"valueRequired\":true,\"valueName\":\"search_term_string\"}}],\"inLanguage\":\"it-IT\"},{\"@type\":\"Organization\",\"@id\":\"https:\\\/\\\/www.switcho.it\\\/blog\\\/#organization\",\"name\":\"Switcho\",\"url\":\"https:\\\/\\\/www.switcho.it\\\/blog\\\/\",\"logo\":{\"@type\":\"ImageObject\",\"inLanguage\":\"it-IT\",\"@id\":\"https:\\\/\\\/www.switcho.it\\\/blog\\\/#\\\/schema\\\/logo\\\/image\\\/\",\"url\":\"https:\\\/\\\/www.switcho.it\\\/blog\\\/wp-content\\\/uploads\\\/2021\\\/03\\\/Switcho-Logotype-Green.png\",\"contentUrl\":\"https:\\\/\\\/www.switcho.it\\\/blog\\\/wp-content\\\/uploads\\\/2021\\\/03\\\/Switcho-Logotype-Green.png\",\"width\":1507,\"height\":597,\"caption\":\"Switcho\"},\"image\":{\"@id\":\"https:\\\/\\\/www.switcho.it\\\/blog\\\/#\\\/schema\\\/logo\\\/image\\\/\"}}]}<\/script>\n<!-- \/ Yoast SEO plugin. -->","yoast_head_json":{"title":"Credito residuo sulla SIM: come verificarlo con i principali operatori - Switcho","description":"Ecco le indicazioni per controllare il credito residuo sulla scheda SIM con i principali operatori telefonici.","robots":{"index":"index","follow":"follow","max-snippet":"max-snippet:-1","max-image-preview":"max-image-preview:large","max-video-preview":"max-video-preview:-1"},"canonical":"https:\/\/www.switcho.it\/blog\/mobile\/credito-residuo\/","og_locale":"it_IT","og_type":"article","og_title":"Credito residuo sulla SIM: come verificarlo con i principali operatori","og_description":"Ecco le indicazioni per controllare il credito residuo sulla scheda SIM con i principali operatori telefonici.","og_url":"https:\/\/www.switcho.it\/blog\/mobile\/credito-residuo\/","og_site_name":"Switcho","article_modified_time":"2025-04-24T10:29:18+00:00","og_image":[{"width":1200,"height":800,"url":"https:\/\/www.switcho.it\/blog\/wp-content\/uploads\/2025\/04\/credito-residuo.jpg","type":"image\/jpeg"}],"twitter_card":"summary_large_image","twitter_misc":{"Tempo di lettura stimato":"4 minuti"},"schema":{"@context":"https:\/\/schema.org","@graph":[{"@type":"WebPage","@id":"https:\/\/www.switcho.it\/blog\/mobile\/credito-residuo\/","url":"https:\/\/www.switcho.it\/blog\/mobile\/credito-residuo\/","name":"Credito residuo sulla SIM: come verificarlo con i principali operatori - Switcho","isPartOf":{"@id":"https:\/\/www.switcho.it\/blog\/#website"},"primaryImageOfPage":{"@id":"https:\/\/www.switcho.it\/blog\/mobile\/credito-residuo\/#primaryimage"},"image":{"@id":"https:\/\/www.switcho.it\/blog\/mobile\/credito-residuo\/#primaryimage"},"thumbnailUrl":"https:\/\/www.switcho.it\/blog\/wp-content\/uploads\/2025\/04\/credito-residuo.jpg","datePublished":"2025-04-24T10:28:26+00:00","dateModified":"2025-04-24T10:29:18+00:00","description":"Ecco le indicazioni per controllare il credito residuo sulla scheda SIM con i principali operatori telefonici.","breadcrumb":{"@id":"https:\/\/www.switcho.it\/blog\/mobile\/credito-residuo\/#breadcrumb"},"inLanguage":"it-IT","potentialAction":[{"@type":"ReadAction","target":["https:\/\/www.switcho.it\/blog\/mobile\/credito-residuo\/"]}]},{"@type":"ImageObject","inLanguage":"it-IT","@id":"https:\/\/www.switcho.it\/blog\/mobile\/credito-residuo\/#primaryimage","url":"https:\/\/www.switcho.it\/blog\/wp-content\/uploads\/2025\/04\/credito-residuo.jpg","contentUrl":"https:\/\/www.switcho.it\/blog\/wp-content\/uploads\/2025\/04\/credito-residuo.jpg","width":1200,"height":800,"caption":"Credito residuo"},{"@type":"BreadcrumbList","@id":"https:\/\/www.switcho.it\/blog\/mobile\/credito-residuo\/#breadcrumb","itemListElement":[{"@type":"ListItem","position":1,"name":"Home","item":"https:\/\/www.switcho.it\/blog\/"},{"@type":"ListItem","position":2,"name":"Offerte Telefonia Mobile: le migliori tariffe per il tuo smartphone","item":"https:\/\/www.switcho.it\/blog\/risorse\/mobile\/"},{"@type":"ListItem","position":3,"name":"Credito residuo sulla SIM: come verificarlo con i principali operatori"}]},{"@type":"WebSite","@id":"https:\/\/www.switcho.it\/blog\/#website","url":"https:\/\/www.switcho.it\/blog\/","name":"Switcho","description":"Il blog semplice, per davvero.","publisher":{"@id":"https:\/\/www.switcho.it\/blog\/#organization"},"potentialAction":[{"@type":"SearchAction","target":{"@type":"EntryPoint","urlTemplate":"https:\/\/www.switcho.it\/blog\/?s={search_term_string}"},"query-input":{"@type":"PropertyValueSpecification","valueRequired":true,"valueName":"search_term_string"}}],"inLanguage":"it-IT"},{"@type":"Organization","@id":"https:\/\/www.switcho.it\/blog\/#organization","name":"Switcho","url":"https:\/\/www.switcho.it\/blog\/","logo":{"@type":"ImageObject","inLanguage":"it-IT","@id":"https:\/\/www.switcho.it\/blog\/#\/schema\/logo\/image\/","url":"https:\/\/www.switcho.it\/blog\/wp-content\/uploads\/2021\/03\/Switcho-Logotype-Green.png","contentUrl":"https:\/\/www.switcho.it\/blog\/wp-content\/uploads\/2021\/03\/Switcho-Logotype-Green.png","width":1507,"height":597,"caption":"Switcho"},"image":{"@id":"https:\/\/www.switcho.it\/blog\/#\/schema\/logo\/image\/"}}]}},"_links":{"self":[{"href":"https:\/\/www.switcho.it\/blog\/wp-json\/wp\/v2\/pages\/125520","targetHints":{"allow":["GET"]}}],"collection":[{"href":"https:\/\/www.switcho.it\/blog\/wp-json\/wp\/v2\/pages"}],"about":[{"href":"https:\/\/www.switcho.it\/blog\/wp-json\/wp\/v2\/types\/page"}],"author":[{"embeddable":true,"href":"https:\/\/www.switcho.it\/blog\/wp-json\/wp\/v2\/users\/4"}],"replies":[{"embeddable":true,"href":"https:\/\/www.switcho.it\/blog\/wp-json\/wp\/v2\/comments?post=125520"}],"version-history":[{"count":5,"href":"https:\/\/www.switcho.it\/blog\/wp-json\/wp\/v2\/pages\/125520\/revisions"}],"predecessor-version":[{"id":142773,"href":"https:\/\/www.switcho.it\/blog\/wp-json\/wp\/v2\/pages\/125520\/revisions\/142773"}],"up":[{"embeddable":true,"href":"https:\/\/www.switcho.it\/blog\/wp-json\/wp\/v2\/pages\/27317"}],"wp:featuredmedia":[{"embeddable":true,"href":"https:\/\/www.switcho.it\/blog\/wp-json\/wp\/v2\/media\/125526"}],"wp:attachment":[{"href":"https:\/\/www.switcho.it\/blog\/wp-json\/wp\/v2\/media?parent=125520"}],"curies":[{"name":"wp","href":"https:\/\/api.w.org\/{rel}","templated":true}]}}